{"id":892,"date":"2013-04-17T12:42:05","date_gmt":"2013-04-17T10:42:05","guid":{"rendered":"http:\/\/www.vs-ludmannsdorf-bilcovs.at\/?page_id=892"},"modified":"2019-11-11T09:34:21","modified_gmt":"2019-11-11T08:34:21","slug":"schularztin-solska-zdravnica","status":"publish","type":"page","link":"https:\/\/www.vs-ludmannsdorf-bilcovs.at\/?page_id=892","title":{"rendered":"Schularzt | \u0160olski zdravnik"},"content":{"rendered":"<h6><span style=\"color: #68a9d3;\"><strong><span style=\"text-decoration: underline;\">Schuluntersuchungen &amp; Impfungen| Preiskave \u0161olarjev in cepljenja:<\/span><\/strong><\/span><\/h6>\n<p><a href=\"https:\/\/www.ktn.gv.at\/Service\/Telefonbuch?details=2003900\" target=\"_blank\" rel=\"noopener noreferrer\"><strong>Dr. Manfred Bayer&nbsp;<\/strong>(Jugendf\u00fcrsorgearzt)<\/a><strong><br><\/strong>V\u00f6lkermarkter Ring 19, 9010 Klagenfurt am W\u00f6rthersee<br><b>Email:<\/b> <a title=\"Mail an Dr. Manfred Bayer \" href=\"mailto: manfred.bayer@ktn.gv.at\">manfred.bayer@ktn.gv.at<\/a><a href=\"mailto:gabriele.hoja@ktn.gv.at\"><br><\/a><strong>Tel.:<\/strong>&nbsp; &nbsp; 050 536-64116<\/p>\n\n\n<p><\/p>\n","protected":false},"excerpt":{"rendered":"<p>Schuluntersuchungen &amp; Impfungen| Preiskave \u0161olarjev in cepljenja: Dr. Manfred Bayer&nbsp;(Jugendf\u00fcrsorgearzt)V\u00f6lkermarkter Ring 19, 9010 Klagenfurt am W\u00f6rtherseeEmail: manfred.bayer@ktn.gv.atTel.:&nbsp; &nbsp; 050 536-64116<\/p>\n","protected":false},"author":1,"featured_media":0,"parent":5,"menu_order":0,"comment_status":"open","ping_status":"open","template":"","meta":{"ngg_post_thumbnail":0,"footnotes":""},"class_list":["post-892","page","type-page","status-publish"],"_links":{"self":[{"href":"https:\/\/www.vs-ludmannsdorf-bilcovs.at\/index.php?rest_route=\/wp\/v2\/pages\/892","targetHints":{"allow":["GET"]}}],"collection":[{"href":"https:\/\/www.vs-ludmannsdorf-bilcovs.at\/index.php?rest_route=\/wp\/v2\/pages"}],"about":[{"href":"https:\/\/www.vs-ludmannsdorf-bilcovs.at\/index.php?rest_route=\/wp\/v2\/types\/page"}],"author":[{"embeddable":true,"href":"https:\/\/www.vs-ludmannsdorf-bilcovs.at\/index.php?rest_route=\/wp\/v2\/users\/1"}],"replies":[{"embeddable":true,"href":"https:\/\/www.vs-ludmannsdorf-bilcovs.at\/index.php?rest_route=%2Fwp%2Fv2%2Fcomments&post=892"}],"version-history":[{"count":0,"href":"https:\/\/www.vs-ludmannsdorf-bilcovs.at\/index.php?rest_route=\/wp\/v2\/pages\/892\/revisions"}],"up":[{"embeddable":true,"href":"https:\/\/www.vs-ludmannsdorf-bilcovs.at\/index.php?rest_route=\/wp\/v2\/pages\/5"}],"wp:attachment":[{"href":"https:\/\/www.vs-ludmannsdorf-bilcovs.at\/index.php?rest_route=%2Fwp%2Fv2%2Fmedia&parent=892"}],"curies":[{"name":"wp","href":"https:\/\/api.w.org\/{rel}","templated":true}]}}