{"id":80,"date":"2012-12-05T14:04:16","date_gmt":"2012-12-05T12:04:16","guid":{"rendered":"http:\/\/webduxv15.bon.at\/~admin153\/?page_id=80"},"modified":"2025-09-29T10:38:12","modified_gmt":"2025-09-29T08:38:12","slug":"leitbild-usmeritev-sole","status":"publish","type":"page","link":"https:\/\/www.vs-ludmannsdorf-bilcovs.at\/?page_id=80","title":{"rendered":"Leitbild | Usmeritev \u0161ole"},"content":{"rendered":"<h4 style=\"text-align: left;\"><span style=\"color: #ecb707;\"><strong>Leits\u00e4tze der Volksschule Ludmannsdorf<\/strong><\/span><br \/>\n<span style=\"color: #ecb707;\"><strong>Usmeritev ljudske \u0161ole Bil\u010dovs<\/strong><\/span><\/h4>\n<ul>\n<li><span style=\"color: #333333;\">Wir legen Wert auf zeitgem\u00e4\u00dfe Wissensvermittlung und Herzensbildung.<\/span><br \/>\n<span style=\"color: #333333;\"> Va\u017eno nam je sodobno posredovanje znanja in gojitev sr\u010dne kulture.<\/span><\/li>\n<\/ul>\n<ul>\n<li><span style=\"color: #333333;\">Wir leben ein tolerantes und liebevolles Miteinander.<\/span><br \/>\n<span style=\"color: #333333;\"> \u017divimo strpno in ljube\u010de so\u017eitje.<\/span><\/li>\n<\/ul>\n<ul>\n<li><span style=\"color: #333333;\">Wir f\u00f6rdern die historisch gewachsene und gelebte Zweisprachigkeit.<\/span><br \/>\n<span style=\"color: #333333;\"> Pospe\u0161ujemo zgodovinsko zraslo in \u017eiveto dvojezi\u010dnost.<\/span><\/li>\n<\/ul>\n<ul>\n<li><span style=\"color: #333333;\">Kulturelle und kreative Vielfalt ist uns wichtig.<\/span><br \/>\n<span style=\"color: #333333;\"> Kulturna in kreativna raznolikost sta nam va\u017eni.<\/span><\/li>\n<\/ul>\n<ul>\n<li><span style=\"color: #333333;\">Die Zusammenarbeit mit den Eltern ist uns ein Anliegen.<\/span><br \/>\n<span style=\"color: #333333;\"> Sodelovanje s star\u0161i nam je pomembno.<\/span><\/li>\n<\/ul>\n<ul>\n<li><span style=\"color: #333333;\">Wir bereiten unsere Sch\u00fclerInnen durch ein solides Basiswissen auf weiterf\u00fchrende Schulen vor.<\/span><br \/>\n<span style=\"color: #333333;\"> \u0160olarkam in \u0161olarjem nudimo solidno osnovno znanje za prestop v nadaljne \u0161ole.<\/span><\/li>\n<\/ul>\n\n\n<div data-wp-interactive=\"core\/file\" class=\"wp-block-file\"><object data-wp-bind--hidden=\"!state.hasPdfPreview\" hidden class=\"wp-block-file__embed\" data=\"http:\/\/www.vs-ludmannsdorf-bilcovs.at\/wp-content\/uploads\/Leitsaetze-ab-2025.pdf\" type=\"application\/pdf\" style=\"width:100%;height:600px\" aria-label=\"Einbettung von Leits\u00e4tze | Usmeritev.\"><\/object><a id=\"wp-block-file--media-c632edc4-ca12-4101-9b3f-44b4e06df334\" href=\"http:\/\/www.vs-ludmannsdorf-bilcovs.at\/wp-content\/uploads\/Leitsaetze-ab-2025.pdf\">Leits\u00e4tze | Usmeritev<\/a><a href=\"http:\/\/www.vs-ludmannsdorf-bilcovs.at\/wp-content\/uploads\/Leitsaetze-ab-2025.pdf\" class=\"wp-block-file__button wp-element-button\" download aria-describedby=\"wp-block-file--media-c632edc4-ca12-4101-9b3f-44b4e06df334\">Herunterladen<\/a><\/div>\n","protected":false},"excerpt":{"rendered":"<p>Leits\u00e4tze der Volksschule Ludmannsdorf Usmeritev ljudske \u0161ole Bil\u010dovs Wir legen Wert auf zeitgem\u00e4\u00dfe Wissensvermittlung und Herzensbildung. Va\u017eno nam je sodobno posredovanje znanja in gojitev sr\u010dne kulture. Wir leben ein tolerantes und liebevolles Miteinander. \u017divimo strpno in ljube\u010de so\u017eitje. Wir f\u00f6rdern die historisch gewachsene und gelebte Zweisprachigkeit. Pospe\u0161ujemo zgodovinsko zraslo in \u017eiveto dvojezi\u010dnost. Kulturelle und kreative [&hellip;]<\/p>\n","protected":false},"author":1,"featured_media":0,"parent":5,"menu_order":4,"comment_status":"open","ping_status":"open","template":"","meta":{"ngg_post_thumbnail":0,"footnotes":""},"class_list":["post-80","page","type-page","status-publish"],"_links":{"self":[{"href":"https:\/\/www.vs-ludmannsdorf-bilcovs.at\/index.php?rest_route=\/wp\/v2\/pages\/80","targetHints":{"allow":["GET"]}}],"collection":[{"href":"https:\/\/www.vs-ludmannsdorf-bilcovs.at\/index.php?rest_route=\/wp\/v2\/pages"}],"about":[{"href":"https:\/\/www.vs-ludmannsdorf-bilcovs.at\/index.php?rest_route=\/wp\/v2\/types\/page"}],"author":[{"embeddable":true,"href":"https:\/\/www.vs-ludmannsdorf-bilcovs.at\/index.php?rest_route=\/wp\/v2\/users\/1"}],"replies":[{"embeddable":true,"href":"https:\/\/www.vs-ludmannsdorf-bilcovs.at\/index.php?rest_route=%2Fwp%2Fv2%2Fcomments&post=80"}],"version-history":[{"count":1,"href":"https:\/\/www.vs-ludmannsdorf-bilcovs.at\/index.php?rest_route=\/wp\/v2\/pages\/80\/revisions"}],"predecessor-version":[{"id":34045,"href":"https:\/\/www.vs-ludmannsdorf-bilcovs.at\/index.php?rest_route=\/wp\/v2\/pages\/80\/revisions\/34045"}],"up":[{"embeddable":true,"href":"https:\/\/www.vs-ludmannsdorf-bilcovs.at\/index.php?rest_route=\/wp\/v2\/pages\/5"}],"wp:attachment":[{"href":"https:\/\/www.vs-ludmannsdorf-bilcovs.at\/index.php?rest_route=%2Fwp%2Fv2%2Fmedia&parent=80"}],"curies":[{"name":"wp","href":"https:\/\/api.w.org\/{rel}","templated":true}]}}