{"id":784,"date":"2013-04-10T11:35:06","date_gmt":"2013-04-10T09:35:06","guid":{"rendered":"http:\/\/www.vs-ludmannsdorf-bilcovs.at\/?page_id=784"},"modified":"2020-01-17T10:16:50","modified_gmt":"2020-01-17T09:16:50","slug":"hilfe-fur-eltern-pomoc-za-starse","status":"publish","type":"page","link":"https:\/\/www.vs-ludmannsdorf-bilcovs.at\/?page_id=784","title":{"rendered":"Hilfe f\u00fcr Eltern | Pomo\u010d za star\u0161e"},"content":{"rendered":"<p>Bei Problemen finden Sie Hilfe unter anderem unter folgenden Adressen: &nbsp;| V primeru te\u017eav najdete pomo\u010d med drugim tudi pod slede\u010dimi naslovi:<\/p>\n<ul>\n<li><a href=\"https:\/\/www.bildung-ktn.gv.at\/\"><span style=\"text-decoration: underline;\">Bildungsdirektion K\u00e4rnten<\/span><\/a><\/li>\n<li><a href=\"https:\/\/schulpsychologie.bildung-ktn.gv.at\/\"><span style=\"text-decoration: underline;\">Schulpsychologische Bildungsberatung K\u00e4rnten<\/span><\/a><\/li>\n<li><a href=\"https:\/\/www.sonderpaed.at\/\">Sonderp\u00e4dagogischer Dienst (FIDS)<\/a><\/li>\n<li><span style=\"text-decoration: underline;\"><a href=\"http:\/\/www.30fragen.com\/\" target=\"_blank\" rel=\"noopener noreferrer\">Lese- Rechtschreibschw\u00e4che<\/a><\/span><\/li>\n<li><span style=\"text-decoration: underline;\"><a href=\"http:\/\/www.oezbf.at\/cms\/index.php\/das-oezbf.html\" target=\"_blank\" rel=\"noopener noreferrer\">Begabtenf\u00f6rderung<\/a><\/span><\/li>\n<li><span style=\"text-decoration: underline;\"><a href=\"http:\/\/www.avs-sozial.at\/index.php\" target=\"_blank\" rel=\"noopener noreferrer\">Erziehungshilfe<\/a><\/span><\/li>\n<li><a href=\"https:\/\/www.legasthenie.at\/\"><span style=\"text-decoration: underline;\">Legasthenie<\/span><\/a><\/li>\n<li><a href=\"https:\/\/www.adhs-ratgeber.com\/adhs-aufmerksamkeitsstoerung.html\"><span style=\"text-decoration: underline;\">Aufmerksamkeitsdefizit-Hyperaktivit\u00e4tssyndrom&nbsp;(ADHS)<\/span><\/a><\/li>\n<li><a href=\"https:\/\/www.elternberatung.at\/kaernten\"><span style=\"text-decoration: underline;\">Elternberatung<\/span><\/a><\/li>\n<li><a href=\"https:\/\/www.eltern-bildung.at\/\"><span style=\"text-decoration: underline;\">Elternbildung<\/span><\/a><\/li>\n<li><span style=\"text-decoration: underline;\"><a href=\"http:\/\/www.bmukk.gv.at\/\" target=\"_blank\" rel=\"noopener noreferrer\">Bundesministerium f\u00fcr Bildung, Wirtschaft und Forschung<\/a><\/span><\/li>\n<li><span style=\"text-decoration: underline;\"><a href=\"http:\/\/www.kath-kirche-kaernten.at\/dioezese\/orgdetail\/C2738\/elternbildung1#1\">Katholisches Bildungswerk (Elternbildung)<\/a><\/span><\/li>\n<\/ul>\n","protected":false},"excerpt":{"rendered":"<p>Bei Problemen finden Sie Hilfe unter anderem unter folgenden Adressen: &nbsp;| V primeru te\u017eav najdete pomo\u010d med drugim tudi pod slede\u010dimi naslovi: Bildungsdirektion K\u00e4rnten Schulpsychologische Bildungsberatung K\u00e4rnten Sonderp\u00e4dagogischer Dienst (FIDS) Lese- Rechtschreibschw\u00e4che Begabtenf\u00f6rderung Erziehungshilfe Legasthenie Aufmerksamkeitsdefizit-Hyperaktivit\u00e4tssyndrom&nbsp;(ADHS) Elternberatung Elternbildung Bundesministerium f\u00fcr Bildung, Wirtschaft und Forschung Katholisches Bildungswerk (Elternbildung)<\/p>\n","protected":false},"author":1,"featured_media":0,"parent":11,"menu_order":0,"comment_status":"open","ping_status":"open","template":"","meta":{"ngg_post_thumbnail":0,"footnotes":""},"class_list":["post-784","page","type-page","status-publish"],"_links":{"self":[{"href":"https:\/\/www.vs-ludmannsdorf-bilcovs.at\/index.php?rest_route=\/wp\/v2\/pages\/784","targetHints":{"allow":["GET"]}}],"collection":[{"href":"https:\/\/www.vs-ludmannsdorf-bilcovs.at\/index.php?rest_route=\/wp\/v2\/pages"}],"about":[{"href":"https:\/\/www.vs-ludmannsdorf-bilcovs.at\/index.php?rest_route=\/wp\/v2\/types\/page"}],"author":[{"embeddable":true,"href":"https:\/\/www.vs-ludmannsdorf-bilcovs.at\/index.php?rest_route=\/wp\/v2\/users\/1"}],"replies":[{"embeddable":true,"href":"https:\/\/www.vs-ludmannsdorf-bilcovs.at\/index.php?rest_route=%2Fwp%2Fv2%2Fcomments&post=784"}],"version-history":[{"count":0,"href":"https:\/\/www.vs-ludmannsdorf-bilcovs.at\/index.php?rest_route=\/wp\/v2\/pages\/784\/revisions"}],"up":[{"embeddable":true,"href":"https:\/\/www.vs-ludmannsdorf-bilcovs.at\/index.php?rest_route=\/wp\/v2\/pages\/11"}],"wp:attachment":[{"href":"https:\/\/www.vs-ludmannsdorf-bilcovs.at\/index.php?rest_route=%2Fwp%2Fv2%2Fmedia&parent=784"}],"curies":[{"name":"wp","href":"https:\/\/api.w.org\/{rel}","templated":true}]}}