{"id":774,"date":"2013-04-10T11:25:17","date_gmt":"2013-04-10T09:25:17","guid":{"rendered":"http:\/\/www.vs-ludmannsdorf-bilcovs.at\/?page_id=774"},"modified":"2024-10-01T07:12:23","modified_gmt":"2024-10-01T05:12:23","slug":"kopflause-usivost","status":"publish","type":"page","link":"https:\/\/www.vs-ludmannsdorf-bilcovs.at\/?page_id=774","title":{"rendered":"Kopfl\u00e4use | U\u0161ivost"},"content":{"rendered":"<p><strong style=\"text-align: center;\"><img loading=\"lazy\" decoding=\"async\" class=\"alignright\" src=\"http:\/\/www.megedi.com\/wp-content\/uploads\/2011\/05\/kopflaeuse-bei-kindern.jpg\" alt=\"\" width=\"210\" height=\"149\"><\/strong><\/p>\n<p><strong>Sehr geehrte Eltern!<\/strong><\/p>\n<p><strong>Lausbefall hat nichts mit mangelnder Hygiene zu tun.<\/strong>&nbsp;Auch t\u00e4gliches Haarewaschen sch\u00fctzt nicht vor L\u00e4usen!<\/p>\n<p>Lausbefall kommt vor allem da vor, wo Gruppen von Menschen zusammenkommen und durch direkten-Kopf-zu-Kopf-Kontakt L\u00e4use die M\u00f6glichkeit haben, sich auszubreiten.<\/p>\n<p>Da auch an unserer Schule immer wieder Kinder von Kopfl\u00e4usen befallen sind, <strong>melden Sie das Auftreten von L\u00e4usen bitte umgehend der Direktion!<\/strong> Alle Meldungen dazu werden nat\u00fcrlich vertraulich behandelt.<\/p>\n<p>Wir bitten Sie, den&nbsp;<strong>Kopf Ihres Kindes<\/strong>, aber auch den Kopfpolster und die Kopfbedeckungen&nbsp;<strong>genauest&nbsp;zu&nbsp;untersuchen<\/strong>&nbsp;und bei Bedarf mit einem wirksamen Mittel aus der Apotheke zu behandeln!<\/p>\n<p><strong>Schicken Sie Ihr Kind erst dann wieder in die Schule, wenn absolute Gewissheit dar\u00fcber besteht, dass es \u201eLAUSFREI\u201c ist!<\/strong><\/p>\n<p><strong>Vielen Dank f\u00fcr Ihr Verst\u00e4ndnis!<\/strong><\/p>\n<p><span style=\"text-decoration: underline;\">Noch mehr Informationen finden Sie hier:<\/span><\/p>\n<div>\n<ul>\n<li><a href=\"https:\/\/gesund.co.at\/kopflausbefall-pedikulose-24311\/\">L\u00e4use: kein Grund zur Panik!<\/a><\/li>\n<li><a href=\"https:\/\/www.schulaerzte.at\/kopflaeuse\">Kopfl\u00e4use &#8211; wenn die Kopfhaut juckt!<\/a><\/li>\n<li><a href=\"https:\/\/www.gesundheit.gv.at\/leben\/lebenswelt\/kindergarten\/laeuse.html\">L\u00e4use bei Kindern<\/a><\/li>\n<\/ul>\n<\/div>\n<p>&nbsp;<\/p>\n<p><strong>Dragi star\u0161i!<\/strong><\/p>\n<p><strong>U\u0161ivost nima kaj opraviti s pomanjklivo higieno.<\/strong> Tudi vsakodnevno umvanje las ne \u0161\u010diti pred u\u0161mi!<\/p>\n<p>U\u0161ivost se pojavi predvsem tam, kjer se dru\u017eijo skupine ljudi in kjer se preko direktnega kontakta u\u0161i lahko \u0161irijo naprej.<br \/>\nKer so tudi na na\u0161i \u0161oli otroci vedno znova prizadeti s u\u0161ivostjo, prosimo Vas, da <strong>nemudoma javite pojav v ravnateljstvu!<\/strong> Z va\u0161imi informacijami ravnamo seveda zaupno.<\/p>\n<p>Prosimo Vas, da prei\u0161\u010dete <strong>glavo va\u0161ega otroka,<\/strong> pa tudi blazino in pokrivala &nbsp;<strong>zelo natan\u010dno<\/strong> in si, \u010de je potrebno, priskrbite v lekarni u\u010dinkovito zdravilo!<\/p>\n<p><strong>Po\u0161ljite Va\u0161ega otroka \u0161ele potem spet v \u0161olo, \u010de ste se popolnoma prepri\u010dali, da nima ve\u010d u\u0161i!<\/strong><\/p>\n<p><strong>Hvala za Va\u0161e razumenvanje!<\/strong><\/p>\n<p><span style=\"text-decoration: underline;\">\u0160e ve\u010d informacij najdete tukaj:<\/span><\/p>\n<div>\n<ul>\n<li>\n<div>\n<ul>\n<li><a href=\"https:\/\/gesund.co.at\/kopflausbefall-pedikulose-24311\/\">L\u00e4use: kein Grund zur Panik!<\/a><\/li>\n<li><a href=\"https:\/\/www.schulaerzte.at\/kopflaeuse\">Kopfl\u00e4use &#8211; wenn die Kopfhaut juckt!<\/a><\/li>\n<li><a href=\"https:\/\/www.gesundheit.gv.at\/leben\/lebenswelt\/kindergarten\/laeuse.html\">L\u00e4use bei Kindern<\/a><\/li>\n<\/ul>\n<\/div>\n<\/li>\n<\/ul>\n<\/div>\n","protected":false},"excerpt":{"rendered":"<p>Sehr geehrte Eltern! Lausbefall hat nichts mit mangelnder Hygiene zu tun.&nbsp;Auch t\u00e4gliches Haarewaschen sch\u00fctzt nicht vor L\u00e4usen! Lausbefall kommt vor allem da vor, wo Gruppen von Menschen zusammenkommen und durch direkten-Kopf-zu-Kopf-Kontakt L\u00e4use die M\u00f6glichkeit haben, sich auszubreiten. Da auch an unserer Schule immer wieder Kinder von Kopfl\u00e4usen befallen sind, melden Sie das Auftreten von L\u00e4usen [&hellip;]<\/p>\n","protected":false},"author":1,"featured_media":0,"parent":11,"menu_order":0,"comment_status":"open","ping_status":"open","template":"","meta":{"ngg_post_thumbnail":0,"footnotes":""},"class_list":["post-774","page","type-page","status-publish"],"_links":{"self":[{"href":"https:\/\/www.vs-ludmannsdorf-bilcovs.at\/index.php?rest_route=\/wp\/v2\/pages\/774","targetHints":{"allow":["GET"]}}],"collection":[{"href":"https:\/\/www.vs-ludmannsdorf-bilcovs.at\/index.php?rest_route=\/wp\/v2\/pages"}],"about":[{"href":"https:\/\/www.vs-ludmannsdorf-bilcovs.at\/index.php?rest_route=\/wp\/v2\/types\/page"}],"author":[{"embeddable":true,"href":"https:\/\/www.vs-ludmannsdorf-bilcovs.at\/index.php?rest_route=\/wp\/v2\/users\/1"}],"replies":[{"embeddable":true,"href":"https:\/\/www.vs-ludmannsdorf-bilcovs.at\/index.php?rest_route=%2Fwp%2Fv2%2Fcomments&post=774"}],"version-history":[{"count":1,"href":"https:\/\/www.vs-ludmannsdorf-bilcovs.at\/index.php?rest_route=\/wp\/v2\/pages\/774\/revisions"}],"predecessor-version":[{"id":30545,"href":"https:\/\/www.vs-ludmannsdorf-bilcovs.at\/index.php?rest_route=\/wp\/v2\/pages\/774\/revisions\/30545"}],"up":[{"embeddable":true,"href":"https:\/\/www.vs-ludmannsdorf-bilcovs.at\/index.php?rest_route=\/wp\/v2\/pages\/11"}],"wp:attachment":[{"href":"https:\/\/www.vs-ludmannsdorf-bilcovs.at\/index.php?rest_route=%2Fwp%2Fv2%2Fmedia&parent=774"}],"curies":[{"name":"wp","href":"https:\/\/api.w.org\/{rel}","templated":true}]}}