{"id":634,"date":"2013-02-25T12:00:04","date_gmt":"2013-02-25T11:00:04","guid":{"rendered":"http:\/\/www.vs-ludmannsdorf-bilcovs.at\/?page_id=634"},"modified":"2025-09-25T12:18:19","modified_gmt":"2025-09-25T10:18:19","slug":"schulfrei-prosto-201213","status":"publish","type":"page","link":"https:\/\/www.vs-ludmannsdorf-bilcovs.at\/?page_id=634","title":{"rendered":"Schulfrei 2025\/26 | Pouka prosto 2025\/26"},"content":{"rendered":"\n<h2 class=\"wp-block-heading\"><strong><span style=\"color: #a40e0e;\">Schulautonomer schulfreier Tag | Avtonomni pouka prost dan<\/span><\/strong><\/h2>\n\n\n\n<p class=\"has-black-color has-text-color\">05. Juni 2026 | 05. junij 2026<br><\/p>\n\n\n\n<h2 class=\"wp-block-heading\"><span style=\"color: #a40e0e;\"><strong>Schulfreie Tage &amp; Ferien | Pouka prosti dnevi &amp; po\u010ditnice<\/strong><\/span><\/h2>\n\n\n\n<p>10.10.2025 &#8211; Landesfeiertag | De\u017eelni praznik<br>26.10.2025 &#8211; Nationalfeiertag | Dr\u017eavni praznik<br>27.10.2025 \u2013 31.10.2025\u00a0\u2013 Herbstferien | Jesenske po\u010ditnice<br>01.11.2025 \u2013 02.11.2025 &#8211; Allerheiligen, Allerseelen | Vsi sveti, dan vernih du\u0161<br>08.12.2025 &#8211; Mari\u00e4 Empf\u00e4ngnis | Marijino spo\u010detja<br>24.12.2025 \u2013 06.01.2026\u00a0\u2013 Weihnachtsferien | Bo\u017ei\u010dne po\u010ditnice<br>07.02.2026 \u2013 15.02.2026\u00a0\u2013 Semesterferien | Semestralne po\u010ditnice<br>19.03.2026 &#8211; Josefitag | Sv. Jo\u017eef<br>28.03.2026 \u2013 06.04.2026\u00a0\u2013 Osterferien | Velikono\u010dne po\u010ditnice<br>01.05.2026 &#8211; Staatsfeiertag | Dr\u017eavni praznik<br>14.05.2026 \u2013 Christi Himmelfahrt | Kristusov vnebohod<br>23.05.2026 \u2013 25.05.2026\u00a0\u2013 Pfingstferien | Binko\u0161tne po\u010ditnice<br>04.06.2026 \u2013 Fronleichnam | Sv. Re\u0161nje telo<br>11.07.2026 \u2013 13.09.2026\u00a0\u2013 Sommerferien | Poletne po\u010ditnice<\/p>\n","protected":false},"excerpt":{"rendered":"<p>Schulautonomer schulfreier Tag | Avtonomni pouka prost dan 05. Juni 2026 | 05. junij 2026 Schulfreie Tage &amp; Ferien | Pouka prosti dnevi &amp; po\u010ditnice 10.10.2025 &#8211; Landesfeiertag | De\u017eelni praznik26.10.2025 &#8211; Nationalfeiertag | Dr\u017eavni praznik27.10.2025 \u2013 31.10.2025\u00a0\u2013 Herbstferien | Jesenske po\u010ditnice01.11.2025 \u2013 02.11.2025 &#8211; Allerheiligen, Allerseelen | Vsi sveti, dan vernih du\u016108.12.2025 &#8211; Mari\u00e4 [&hellip;]<\/p>\n","protected":false},"author":1,"featured_media":0,"parent":5,"menu_order":0,"comment_status":"open","ping_status":"open","template":"","meta":{"ngg_post_thumbnail":0,"footnotes":""},"class_list":["post-634","page","type-page","status-publish"],"_links":{"self":[{"href":"https:\/\/www.vs-ludmannsdorf-bilcovs.at\/index.php?rest_route=\/wp\/v2\/pages\/634","targetHints":{"allow":["GET"]}}],"collection":[{"href":"https:\/\/www.vs-ludmannsdorf-bilcovs.at\/index.php?rest_route=\/wp\/v2\/pages"}],"about":[{"href":"https:\/\/www.vs-ludmannsdorf-bilcovs.at\/index.php?rest_route=\/wp\/v2\/types\/page"}],"author":[{"embeddable":true,"href":"https:\/\/www.vs-ludmannsdorf-bilcovs.at\/index.php?rest_route=\/wp\/v2\/users\/1"}],"replies":[{"embeddable":true,"href":"https:\/\/www.vs-ludmannsdorf-bilcovs.at\/index.php?rest_route=%2Fwp%2Fv2%2Fcomments&post=634"}],"version-history":[{"count":8,"href":"https:\/\/www.vs-ludmannsdorf-bilcovs.at\/index.php?rest_route=\/wp\/v2\/pages\/634\/revisions"}],"predecessor-version":[{"id":33936,"href":"https:\/\/www.vs-ludmannsdorf-bilcovs.at\/index.php?rest_route=\/wp\/v2\/pages\/634\/revisions\/33936"}],"up":[{"embeddable":true,"href":"https:\/\/www.vs-ludmannsdorf-bilcovs.at\/index.php?rest_route=\/wp\/v2\/pages\/5"}],"wp:attachment":[{"href":"https:\/\/www.vs-ludmannsdorf-bilcovs.at\/index.php?rest_route=%2Fwp%2Fv2%2Fmedia&parent=634"}],"curies":[{"name":"wp","href":"https:\/\/api.w.org\/{rel}","templated":true}]}}