{"id":5,"date":"2012-11-03T13:24:11","date_gmt":"2012-11-03T11:24:11","guid":{"rendered":"http:\/\/webduxv15.bon.at\/~admin153\/?page_id=5"},"modified":"2025-10-16T07:26:06","modified_gmt":"2025-10-16T05:26:06","slug":"schule-sola","status":"publish","type":"page","link":"https:\/\/www.vs-ludmannsdorf-bilcovs.at\/?page_id=5","title":{"rendered":"Schule | \u0160ola"},"content":{"rendered":"<ul>\n<li><a href=\"https:\/\/www.vs-ludmannsdorf-bilcovs.at\/?page_id=34175\">Klassen | Razredi<\/a><\/li>\n<li><a href=\"http:\/\/www.vs-ludmannsdorf-bilcovs.at\/?page_id=30395\">LehrerInnen | U\u010ditelji\/-ce<\/a><\/li>\n<li><a title=\"Eltern | Star\u0161i\" href=\"http:\/\/www.vs-ludmannsdorf-bilcovs.at\/?page_id=11\">Eltern | Star\u0161i<\/a><\/li>\n<li><a title=\"Leitbild | Usmeritev \u0161ole\" href=\"http:\/\/www.vs-ludmannsdorf-bilcovs.at\/?page_id=80\">Leitbild | Usmeritev \u0161ole<\/a><\/li>\n<li><a title=\"Schulordnung | \u0160olski red\" href=\"http:\/\/www.vs-ludmannsdorf-bilcovs.at\/?page_id=551\">Schulordnung| \u0160olski red<\/a><\/li>\n<li><a title=\"Schul\u00e4rztin | \u0160olska zdravnica\" href=\"http:\/\/www.vs-ludmannsdorf-bilcovs.at\/?page_id=892\">Schul\u00e4rztin | \u0160olska zdravnica<\/a><\/li>\n<li><a href=\"http:\/\/www.vs-ludmannsdorf-bilcovs.at\/?page_id=644\">Schulische Tagesbetreuung | Popoldansko bivanje<\/a><\/li>\n<li><a title=\"Geschichte | Zgodovina\" href=\"http:\/\/www.vs-ludmannsdorf-bilcovs.at\/?page_id=1041\">Geschichte | Zgodovina<\/a><\/li>\n<\/ul>\n<p style=\"text-align: left;\"><a href=\"http:\/\/www.vs-ludmannsdorf-bilcovs.at\/wp-content\/uploads\/schule.jpg\"><img loading=\"lazy\" decoding=\"async\" class=\"aligncenter wp-image-2505\" src=\"http:\/\/www.vs-ludmannsdorf-bilcovs.at\/wp-content\/uploads\/schule.jpg\" alt=\"Schule | \u0160ola\" width=\"545\" height=\"362\" srcset=\"https:\/\/www.vs-ludmannsdorf-bilcovs.at\/wp-content\/uploads\/schule.jpg 605w, https:\/\/www.vs-ludmannsdorf-bilcovs.at\/wp-content\/uploads\/schule-300x199.jpg 300w\" sizes=\"auto, (max-width: 545px) 100vw, 545px\" \/><\/a><\/p>\n<p>&nbsp;<\/p>\n","protected":false},"excerpt":{"rendered":"<p>Klassen | Razredi LehrerInnen | U\u010ditelji\/-ce Eltern | Star\u0161i Leitbild | Usmeritev \u0161ole Schulordnung| \u0160olski red Schul\u00e4rztin | \u0160olska zdravnica Schulische Tagesbetreuung | Popoldansko bivanje Geschichte | Zgodovina &nbsp;<\/p>\n","protected":false},"author":1,"featured_media":0,"parent":0,"menu_order":0,"comment_status":"open","ping_status":"open","template":"","meta":{"ngg_post_thumbnail":0,"footnotes":""},"class_list":["post-5","page","type-page","status-publish"],"_links":{"self":[{"href":"https:\/\/www.vs-ludmannsdorf-bilcovs.at\/index.php?rest_route=\/wp\/v2\/pages\/5","targetHints":{"allow":["GET"]}}],"collection":[{"href":"https:\/\/www.vs-ludmannsdorf-bilcovs.at\/index.php?rest_route=\/wp\/v2\/pages"}],"about":[{"href":"https:\/\/www.vs-ludmannsdorf-bilcovs.at\/index.php?rest_route=\/wp\/v2\/types\/page"}],"author":[{"embeddable":true,"href":"https:\/\/www.vs-ludmannsdorf-bilcovs.at\/index.php?rest_route=\/wp\/v2\/users\/1"}],"replies":[{"embeddable":true,"href":"https:\/\/www.vs-ludmannsdorf-bilcovs.at\/index.php?rest_route=%2Fwp%2Fv2%2Fcomments&post=5"}],"version-history":[{"count":3,"href":"https:\/\/www.vs-ludmannsdorf-bilcovs.at\/index.php?rest_route=\/wp\/v2\/pages\/5\/revisions"}],"predecessor-version":[{"id":34180,"href":"https:\/\/www.vs-ludmannsdorf-bilcovs.at\/index.php?rest_route=\/wp\/v2\/pages\/5\/revisions\/34180"}],"wp:attachment":[{"href":"https:\/\/www.vs-ludmannsdorf-bilcovs.at\/index.php?rest_route=%2Fwp%2Fv2%2Fmedia&parent=5"}],"curies":[{"name":"wp","href":"https:\/\/api.w.org\/{rel}","templated":true}]}}