{"id":394,"date":"2013-01-21T13:29:56","date_gmt":"2013-01-21T12:29:56","guid":{"rendered":"http:\/\/webduxv15.bon.at\/~admin153\/?page_id=394"},"modified":"2013-04-17T11:22:28","modified_gmt":"2013-04-17T09:22:28","slug":"links","status":"publish","type":"page","link":"https:\/\/www.vs-ludmannsdorf-bilcovs.at\/?page_id=394","title":{"rendered":"Links | Povezave"},"content":{"rendered":"<h6><span style=\"text-decoration: underline;\"><a title=\"F\u00fcr Kinder | Za otroke\" href=\"http:\/\/www.vs-ludmannsdorf-bilcovs.at\/?page_id=851\">F\u00fcr Kinder | Za otroke<\/a><\/span><\/h6>\n<h6><span style=\"text-decoration: underline;\"><a title=\"F\u00fcr Eltern | Za star\u0161e\" href=\"http:\/\/www.vs-ludmannsdorf-bilcovs.at\/?page_id=848\">F\u00fcr Eltern | Za star\u0161e<\/a><\/span><\/h6>\n<h6><span style=\"text-decoration: underline;\"><a title=\"F\u00fcr LehrerInnen | Za u\u010ditelje\/-ice\" href=\"http:\/\/www.vs-ludmannsdorf-bilcovs.at\/?page_id=854\">F\u00fcr LehrerInnen | Za u\u010ditelje\/-ice<\/a><\/span><\/h6>\n","protected":false},"excerpt":{"rendered":"<p>F\u00fcr Kinder | Za otroke F\u00fcr Eltern | Za star\u0161e F\u00fcr LehrerInnen | Za u\u010ditelje\/-ice<\/p>\n","protected":false},"author":1,"featured_media":0,"parent":0,"menu_order":0,"comment_status":"open","ping_status":"open","template":"","meta":{"ngg_post_thumbnail":0,"footnotes":""},"class_list":["post-394","page","type-page","status-publish"],"_links":{"self":[{"href":"https:\/\/www.vs-ludmannsdorf-bilcovs.at\/index.php?rest_route=\/wp\/v2\/pages\/394","targetHints":{"allow":["GET"]}}],"collection":[{"href":"https:\/\/www.vs-ludmannsdorf-bilcovs.at\/index.php?rest_route=\/wp\/v2\/pages"}],"about":[{"href":"https:\/\/www.vs-ludmannsdorf-bilcovs.at\/index.php?rest_route=\/wp\/v2\/types\/page"}],"author":[{"embeddable":true,"href":"https:\/\/www.vs-ludmannsdorf-bilcovs.at\/index.php?rest_route=\/wp\/v2\/users\/1"}],"replies":[{"embeddable":true,"href":"https:\/\/www.vs-ludmannsdorf-bilcovs.at\/index.php?rest_route=%2Fwp%2Fv2%2Fcomments&post=394"}],"version-history":[{"count":0,"href":"https:\/\/www.vs-ludmannsdorf-bilcovs.at\/index.php?rest_route=\/wp\/v2\/pages\/394\/revisions"}],"wp:attachment":[{"href":"https:\/\/www.vs-ludmannsdorf-bilcovs.at\/index.php?rest_route=%2Fwp%2Fv2%2Fmedia&parent=394"}],"curies":[{"name":"wp","href":"https:\/\/api.w.org\/{rel}","templated":true}]}}