{"id":33778,"date":"2025-09-18T12:05:15","date_gmt":"2025-09-18T10:05:15","guid":{"rendered":"http:\/\/www.vs-ludmannsdorf-bilcovs.at\/?page_id=33778"},"modified":"2025-12-01T10:32:39","modified_gmt":"2025-12-01T09:32:39","slug":"lehrerteam-2025-26-uciteljski-zbor-2025-26","status":"publish","type":"page","link":"https:\/\/www.vs-ludmannsdorf-bilcovs.at\/?page_id=33778","title":{"rendered":"Lehrerteam \u2013 2025\/26 | U\u010diteljski zbor \u2013 2025\/26"},"content":{"rendered":"\n<figure class=\"wp-block-image size-large\"><a href=\"http:\/\/www.vs-ludmannsdorf-bilcovs.at\/wp-content\/uploads\/0006-3-scaled.jpg\"><img loading=\"lazy\" decoding=\"async\" width=\"1024\" height=\"731\" src=\"http:\/\/www.vs-ludmannsdorf-bilcovs.at\/wp-content\/uploads\/0006-3-1024x731.jpg\" alt=\"\" class=\"wp-image-34436\" srcset=\"https:\/\/www.vs-ludmannsdorf-bilcovs.at\/wp-content\/uploads\/0006-3-1024x731.jpg 1024w, https:\/\/www.vs-ludmannsdorf-bilcovs.at\/wp-content\/uploads\/0006-3-300x214.jpg 300w, https:\/\/www.vs-ludmannsdorf-bilcovs.at\/wp-content\/uploads\/0006-3-768x549.jpg 768w\" sizes=\"auto, (max-width: 1024px) 100vw, 1024px\" \/><\/a><\/figure>\n\n\n\n<div class=\"wp-block-columns has-2-columns is-layout-flex wp-container-core-columns-is-layout-9d6595d7 wp-block-columns-is-layout-flex\">\n<div class=\"wp-block-column is-layout-flow wp-block-column-is-layout-flow\">\n<p class=\"has-text-align-center\"><a href=\"http:\/\/www.vs-ludmannsdorf-bilcovs.at\/?page_id=31766\" data-type=\"page\" data-id=\"31766\">Arnel Be\u0161i\u0107<\/a><\/p>\n\n\n\n<p class=\"has-text-align-center\"><a href=\"http:\/\/www.vs-ludmannsdorf-bilcovs.at\/?page_id=10351\" data-type=\"page\" data-id=\"10351\">Nadja Feinig<\/a><\/p>\n\n\n\n<p class=\"has-text-align-center\"><a href=\"http:\/\/www.vs-ludmannsdorf-bilcovs.at\/?page_id=25515\" data-type=\"page\" data-id=\"25515\">Melanie Herr<\/a><\/p>\n\n\n\n<p class=\"has-text-align-center\"><a href=\"http:\/\/www.vs-ludmannsdorf-bilcovs.at\/?page_id=30411\" data-type=\"page\" data-id=\"30411\">Neli Irman<\/a><\/p>\n\n\n\n<p class=\"has-text-align-center\"><a href=\"http:\/\/www.vs-ludmannsdorf-bilcovs.at\/?page_id=33929\" data-type=\"page\" data-id=\"33929\">Karin Kogler<\/a><\/p>\n\n\n\n<p class=\"has-text-align-center\"><a href=\"http:\/\/www.vs-ludmannsdorf-bilcovs.at\/?page_id=178\">Alexandra Malle<\/a><\/p>\n\n\n\n<p class=\"has-text-align-center\"><a href=\"http:\/\/www.vs-ludmannsdorf-bilcovs.at\/?page_id=154\">Sara M\u00fcller<\/a><\/p>\n\n\n\n<p class=\"has-text-align-center\"><a href=\"http:\/\/www.vs-ludmannsdorf-bilcovs.at\/?page_id=30403\" data-type=\"page\" data-id=\"30403\">Jasmin Ogris<\/a><\/p>\n<\/div>\n\n\n\n<div class=\"wp-block-column is-layout-flow wp-block-column-is-layout-flow\">\n<p class=\"has-text-align-center\"><a href=\"http:\/\/www.vs-ludmannsdorf-bilcovs.at\/?page_id=192\">Bernhard Olip<\/a><\/p>\n\n\n\n<p class=\"has-text-align-center\"><a href=\"http:\/\/www.vs-ludmannsdorf-bilcovs.at\/?page_id=16138\">Danijel Olip<\/a><\/p>\n\n\n\n<p class=\"has-text-align-center\"><a href=\"http:\/\/www.vs-ludmannsdorf-bilcovs.at\/?page_id=146\">Thomas Partl<\/a><\/p>\n\n\n\n<p class=\"has-text-align-center\"><a href=\"http:\/\/www.vs-ludmannsdorf-bilcovs.at\/?page_id=23423\" data-type=\"page\" data-id=\"23423\">Michaela Petscharnig<\/a><\/p>\n\n\n\n<p class=\"has-text-align-center\"><a href=\"http:\/\/www.vs-ludmannsdorf-bilcovs.at\/?page_id=183\">Sabine Totschnig<\/a><\/p>\n\n\n\n<p class=\"has-text-align-center\"><a href=\"http:\/\/www.vs-ludmannsdorf-bilcovs.at\/?page_id=9870\">Jessica Travnik<\/a><\/p>\n\n\n\n<p class=\"has-text-align-center\"><a href=\"http:\/\/www.vs-ludmannsdorf-bilcovs.at\/?page_id=7126\" data-type=\"page\" data-id=\"7126\">Alina Unkart<\/a><\/p>\n\n\n\n<p class=\"has-text-align-center\"><a href=\"http:\/\/www.vs-ludmannsdorf-bilcovs.at\/?page_id=34508\" data-type=\"page\" data-id=\"34508\">Samo Vidovi\u0107<\/a><\/p>\n<\/div>\n<\/div>\n\n\n\nngg_shortcode_0_placeholder\n","protected":false},"excerpt":{"rendered":"<p>Arnel Be\u0161i\u0107 Nadja Feinig Melanie Herr Neli Irman Karin Kogler Alexandra Malle Sara M\u00fcller Jasmin Ogris Bernhard Olip Danijel Olip Thomas Partl Michaela Petscharnig Sabine Totschnig Jessica Travnik Alina Unkart Samo Vidovi\u0107<\/p>\n","protected":false},"author":1,"featured_media":0,"parent":0,"menu_order":0,"comment_status":"closed","ping_status":"closed","template":"","meta":{"ngg_post_thumbnail":0,"footnotes":""},"class_list":["post-33778","page","type-page","status-publish"],"_links":{"self":[{"href":"https:\/\/www.vs-ludmannsdorf-bilcovs.at\/index.php?rest_route=\/wp\/v2\/pages\/33778","targetHints":{"allow":["GET"]}}],"collection":[{"href":"https:\/\/www.vs-ludmannsdorf-bilcovs.at\/index.php?rest_route=\/wp\/v2\/pages"}],"about":[{"href":"https:\/\/www.vs-ludmannsdorf-bilcovs.at\/index.php?rest_route=\/wp\/v2\/types\/page"}],"author":[{"embeddable":true,"href":"https:\/\/www.vs-ludmannsdorf-bilcovs.at\/index.php?rest_route=\/wp\/v2\/users\/1"}],"replies":[{"embeddable":true,"href":"https:\/\/www.vs-ludmannsdorf-bilcovs.at\/index.php?rest_route=%2Fwp%2Fv2%2Fcomments&post=33778"}],"version-history":[{"count":7,"href":"https:\/\/www.vs-ludmannsdorf-bilcovs.at\/index.php?rest_route=\/wp\/v2\/pages\/33778\/revisions"}],"predecessor-version":[{"id":34512,"href":"https:\/\/www.vs-ludmannsdorf-bilcovs.at\/index.php?rest_route=\/wp\/v2\/pages\/33778\/revisions\/34512"}],"wp:attachment":[{"href":"https:\/\/www.vs-ludmannsdorf-bilcovs.at\/index.php?rest_route=%2Fwp%2Fv2%2Fmedia&parent=33778"}],"curies":[{"name":"wp","href":"https:\/\/api.w.org\/{rel}","templated":true}]}}