{"id":27795,"date":"2023-09-07T11:52:14","date_gmt":"2023-09-07T09:52:14","guid":{"rendered":"http:\/\/www.vs-ludmannsdorf-bilcovs.at\/?page_id=27795"},"modified":"2025-11-24T10:02:24","modified_gmt":"2025-11-24T09:02:24","slug":"1-klasse-2023-24-1-razred-2023-2024","status":"publish","type":"page","link":"https:\/\/www.vs-ludmannsdorf-bilcovs.at\/?page_id=27795","title":{"rendered":"3. Klasse &#8211; 2025\/26 | 3. razred &#8211; 2025\/26"},"content":{"rendered":"\n<figure class=\"wp-block-image size-large\"><a href=\"http:\/\/www.vs-ludmannsdorf-bilcovs.at\/wp-content\/uploads\/0002-3-scaled.jpg\"><img loading=\"lazy\" decoding=\"async\" width=\"1024\" height=\"731\" src=\"http:\/\/www.vs-ludmannsdorf-bilcovs.at\/wp-content\/uploads\/0002-3-1024x731.jpg\" alt=\"\" class=\"wp-image-34425\" srcset=\"https:\/\/www.vs-ludmannsdorf-bilcovs.at\/wp-content\/uploads\/0002-3-1024x731.jpg 1024w, https:\/\/www.vs-ludmannsdorf-bilcovs.at\/wp-content\/uploads\/0002-3-300x214.jpg 300w, https:\/\/www.vs-ludmannsdorf-bilcovs.at\/wp-content\/uploads\/0002-3-768x549.jpg 768w\" sizes=\"auto, (max-width: 1024px) 100vw, 1024px\" \/><\/a><\/figure>\n\n\n\n<p class=\"has-text-align-center\">Klassenlehrerin | Razredna u\u010diteljica: <a href=\"http:\/\/www.vs-ludmannsdorf-bilcovs.at\/?page_id=154\" data-type=\"page\" data-id=\"154\">Sara M\u00fcller<\/a>, Teamlehrerin | Timska u\u010diteljica: <a href=\"http:\/\/www.vs-ludmannsdorf-bilcovs.at\/?page_id=30403\" data-type=\"page\" data-id=\"30403\">Jasmin Ogris<\/a><\/p>\n","protected":false},"excerpt":{"rendered":"<p>Klassenlehrerin | Razredna u\u010diteljica: Sara M\u00fcller, Teamlehrerin | Timska u\u010diteljica: Jasmin Ogris<\/p>\n","protected":false},"author":1,"featured_media":0,"parent":0,"menu_order":0,"comment_status":"closed","ping_status":"closed","template":"","meta":{"ngg_post_thumbnail":0,"footnotes":""},"class_list":["post-27795","page","type-page","status-publish"],"_links":{"self":[{"href":"https:\/\/www.vs-ludmannsdorf-bilcovs.at\/index.php?rest_route=\/wp\/v2\/pages\/27795","targetHints":{"allow":["GET"]}}],"collection":[{"href":"https:\/\/www.vs-ludmannsdorf-bilcovs.at\/index.php?rest_route=\/wp\/v2\/pages"}],"about":[{"href":"https:\/\/www.vs-ludmannsdorf-bilcovs.at\/index.php?rest_route=\/wp\/v2\/types\/page"}],"author":[{"embeddable":true,"href":"https:\/\/www.vs-ludmannsdorf-bilcovs.at\/index.php?rest_route=\/wp\/v2\/users\/1"}],"replies":[{"embeddable":true,"href":"https:\/\/www.vs-ludmannsdorf-bilcovs.at\/index.php?rest_route=%2Fwp%2Fv2%2Fcomments&post=27795"}],"version-history":[{"count":7,"href":"https:\/\/www.vs-ludmannsdorf-bilcovs.at\/index.php?rest_route=\/wp\/v2\/pages\/27795\/revisions"}],"predecessor-version":[{"id":34427,"href":"https:\/\/www.vs-ludmannsdorf-bilcovs.at\/index.php?rest_route=\/wp\/v2\/pages\/27795\/revisions\/34427"}],"wp:attachment":[{"href":"https:\/\/www.vs-ludmannsdorf-bilcovs.at\/index.php?rest_route=%2Fwp%2Fv2%2Fmedia&parent=27795"}],"curies":[{"name":"wp","href":"https:\/\/api.w.org\/{rel}","templated":true}]}}