{"id":1556,"date":"2013-10-21T12:24:28","date_gmt":"2013-10-21T10:24:28","guid":{"rendered":"http:\/\/www.vs-ludmannsdorf-bilcovs.at\/?page_id=1556"},"modified":"2024-10-14T08:36:07","modified_gmt":"2024-10-14T06:36:07","slug":"schulhaus-solsko-poslopje","status":"publish","type":"page","link":"https:\/\/www.vs-ludmannsdorf-bilcovs.at\/?page_id=1556","title":{"rendered":"Schulhaus | \u0160olsko poslopje"},"content":{"rendered":"<p><strong><span style=\"color: #a40e0e;\">vor 1881:<\/span><\/strong> Unterricht im Pfarrhof (2 x &nbsp;w\u00f6chentlich) | pred 1881: pouk v \u017eupni\u0161\u010du (2 x tedensko)<\/p>\n<p><strong><span style=\"color: #a40e0e;\">1881:<\/span><\/strong> Schulbaugr\u00fcndung | Za\u010detek zidanja nove \u0161ole<\/p>\n<p><strong><span style=\"color: #a40e0e;\">1882:<\/span><\/strong> Fertigstellung des Schulhauses | Dokon\u010danje \u0161olskega poslopja<\/p>\n<p><strong><span style=\"color: #a40e0e;\">1882 &#8211; 1895:<\/span> <\/strong>einklassig | enorazredna<\/p>\n<p><strong><span style=\"color: #a40e0e;\">1895 &#8211; 1914:<\/span><\/strong> zweiklassig | dvorazradna<\/p>\n<p><strong><span style=\"color: #a40e0e;\">1915 &#8211; 1928:<\/span><\/strong> dreiklassig | trirazredna<\/p>\n<p><strong><span style=\"color: #a40e0e;\">1928 &#8211; 1932:<\/span><\/strong> vierklassig | \u0161tirirazredna<\/p>\n<p><strong><span style=\"color: #a40e0e;\">1932:<\/span> <\/strong>Zubau mit zwei Klassen | Prizidek dveh razredov<\/p>\n<p><strong><span style=\"color: #a40e0e;\">1933:<\/span><\/strong> f\u00fcnfklassig und eine Wanderklasse | petrazredna z dvema potujo\u010dima razredoma<\/p>\n<p><strong><span style=\"color: #a40e0e;\">1950:<\/span><\/strong> durch Abstimmungsspende moderne Klasseneinrichtung f\u00fcr die 1. Klasse | s plebiscitnim darom dobi 1. razred sodobno opremo<\/p>\n<p><strong><span style=\"color: #a40e0e;\">1951 &#8211; 1952:<\/span><\/strong> sechsklassig | \u0161estrazredna<\/p>\n<p><strong><span style=\"color: #a40e0e;\">1954:<\/span><\/strong> Installation des eletktrischen Lichtes | Instalacija elektri\u010dne lu\u010di<\/p>\n<p><strong><span style=\"color: #a40e0e;\">1962:<\/span> <\/strong>aus der Leiterwohnung wird ein modern eingerichtetes Klassenzimmer und Klossettanlagen | iz stanovanja ravnatelja nastaneta sodoben razred in strani\u0161\u010de<\/p>\n<p><strong><span style=\"color: #a40e0e;\">3. Oktober 1982:<\/span><\/strong> &nbsp;<a title=\"Er\u00f6ffnung des neuen Schulhauses 1982 | Otvoritev nove \u0161ole 1982\" href=\"http:\/\/www.vs-ludmannsdorf-bilcovs.at\/?page_id=1559\">Er\u00f6ffnung des neuen Schulhauses | Otvoritev nove \u0161ole<\/a><\/p>\n<p><span style=\"color: #a40e0e;\"><strong>2009:<\/strong><\/span> <a title=\"2009: Neue Glasfront | Nova steklena fronta\" href=\"http:\/\/www.vs-ludmannsdorf-bilcovs.at\/?page_id=1946\">Erneuerung der Glasfront und der Eingangst\u00fcren | Obnova steklenega pro\u010delja in vhodnih vrat<\/a><\/p>\n\n\n<div class=\"wp-block-group\"><div class=\"wp-block-group__inner-container is-layout-flow wp-block-group-is-layout-flow\">\n<p><strong><span style=\"color:#a40e0e\" class=\"has-inline-color\">Juni 2018:<\/span><\/strong> <a href=\"http:\/\/www.vs-ludmannsdorf-bilcovs.at\/?page_id=20774\">Beginn der umfangreichen Sanierungs-, Adaptierungs- und Umbauma\u00dfnahmen am Schulgeb\u00e4ude | Za\u010detek ob\u0161irnih sanacijskih in gradbenih del na \u0161olskem poslopju<\/a><\/p>\n<\/div><\/div>\n\n\n\n<p><strong><span style=\"color:#a40e0e\" class=\"has-inline-color\">17. September bis 5. Oktober 2018: <\/span><\/strong><a href=\"http:\/\/www.vs-ludmannsdorf-bilcovs.at\/?page_id=21081\">Dislozierter Unterricht &#8211; im Feuerwehrhaus, Gemeindeamt und im Pfarrheim | Dislociran pouk &#8211; v gasilskem domu, na ob\u010dinskem uradu in v farnem domu<\/a><\/p>\n\n\n\n<p><strong><span style=\"color:#a40e0e\" class=\"has-inline-color\">8. Oktober 2018:<\/span><\/strong> Erster Schultag im neu sanierten Schulgeb\u00e4ude | Prvi dan v obnovljenem \u0161olskem poslopju<\/p>\n\n\n\n<p><strong><span style=\"color:#a40e0e\" class=\"has-inline-color\">19. November 2018:<\/span><\/strong> <a href=\"http:\/\/www.vs-ludmannsdorf-bilcovs.at\/?page_id=21090\">Der Kindergarten wird in das Bildungszentrum integriert | Otro\u0161ki vrtec pride v izobra\u017eevalni center<\/a><\/p>\n\n\n\n<p><strong><span style=\"color:#a40e0e\" class=\"has-inline-color\">17. Mai 2019:<\/span><\/strong> <a href=\"http:\/\/www.vs-ludmannsdorf-bilcovs.at\/?page_id=21085\">Offizielle Er\u00f6ffnung des neuen Bildungszentrums BLIB | Oficijalna otvoritev novega izobra\u017eevalnega centra BLIB<\/a><\/p>\n\n\n\n<p><\/p>\n","protected":false},"excerpt":{"rendered":"<p>vor 1881: Unterricht im Pfarrhof (2 x &nbsp;w\u00f6chentlich) | pred 1881: pouk v \u017eupni\u0161\u010du (2 x tedensko) 1881: Schulbaugr\u00fcndung | Za\u010detek zidanja nove \u0161ole 1882: Fertigstellung des Schulhauses | Dokon\u010danje \u0161olskega poslopja 1882 &#8211; 1895: einklassig | enorazredna 1895 &#8211; 1914: zweiklassig | dvorazradna 1915 &#8211; 1928: dreiklassig | trirazredna 1928 &#8211; 1932: vierklassig | [&hellip;]<\/p>\n","protected":false},"author":1,"featured_media":0,"parent":0,"menu_order":0,"comment_status":"closed","ping_status":"open","template":"","meta":{"ngg_post_thumbnail":0,"footnotes":""},"class_list":["post-1556","page","type-page","status-publish"],"_links":{"self":[{"href":"https:\/\/www.vs-ludmannsdorf-bilcovs.at\/index.php?rest_route=\/wp\/v2\/pages\/1556","targetHints":{"allow":["GET"]}}],"collection":[{"href":"https:\/\/www.vs-ludmannsdorf-bilcovs.at\/index.php?rest_route=\/wp\/v2\/pages"}],"about":[{"href":"https:\/\/www.vs-ludmannsdorf-bilcovs.at\/index.php?rest_route=\/wp\/v2\/types\/page"}],"author":[{"embeddable":true,"href":"https:\/\/www.vs-ludmannsdorf-bilcovs.at\/index.php?rest_route=\/wp\/v2\/users\/1"}],"replies":[{"embeddable":true,"href":"https:\/\/www.vs-ludmannsdorf-bilcovs.at\/index.php?rest_route=%2Fwp%2Fv2%2Fcomments&post=1556"}],"version-history":[{"count":1,"href":"https:\/\/www.vs-ludmannsdorf-bilcovs.at\/index.php?rest_route=\/wp\/v2\/pages\/1556\/revisions"}],"predecessor-version":[{"id":30955,"href":"https:\/\/www.vs-ludmannsdorf-bilcovs.at\/index.php?rest_route=\/wp\/v2\/pages\/1556\/revisions\/30955"}],"wp:attachment":[{"href":"https:\/\/www.vs-ludmannsdorf-bilcovs.at\/index.php?rest_route=%2Fwp%2Fv2%2Fmedia&parent=1556"}],"curies":[{"name":"wp","href":"https:\/\/api.w.org\/{rel}","templated":true}]}}