{"id":818,"date":"2013-04-15T08:59:31","date_gmt":"2013-04-15T06:59:31","guid":{"rendered":"http:\/\/www.vs-ludmannsdorf-bilcovs.at\/?page_id=818"},"modified":"2017-10-13T09:11:44","modified_gmt":"2017-10-13T07:11:44","slug":"lehrerinnen-ucitelji-ce","status":"publish","type":"page","link":"http:\/\/www.vs-ludmannsdorf-bilcovs.at\/?page_id=818","title":{"rendered":"Lehrer\/-innen 2016\/17 | U\u010ditelji\/-ce 2016\/17"},"content":{"rendered":"<p><span style=\"color: #a40e0e;\"><strong>1.a Klasse | 1.a razred:<\/strong>&nbsp;<\/span>&nbsp; Alexandra Malle<\/p>\n<p><span style=\"color: #a40e0e;\"><strong>1.b Klasse | 1.b razred:<\/strong>&nbsp;<\/span> &nbsp;Sara M\u00fcller, Sabine Totschnig<\/p>\n<p><span style=\"color: #a40e0e;\"><strong>2. Klasse &nbsp; | 2. razred:<\/strong>&nbsp;<\/span> &nbsp;&nbsp;Karin Pfarrmaier, Thomas Partl<\/p>\n<p><span style=\"color: #a40e0e;\"><strong>3. Klasse &nbsp; | 3. razred: &nbsp; <\/strong><\/span>Jessica Travnik, Sabine Totschnig<\/p>\n<p><span style=\"color: #a40e0e;\"><strong>4. Klasse &nbsp; | 4. razred: &nbsp;&nbsp;<\/strong><\/span>Bernhard Olip,&nbsp;Gertraud Stangl<strong><br \/>\n<\/strong><\/p>\n<p><span style=\"color: #a40e0e;\"><strong>MDL-Stunden | Nadure:<\/strong><\/span> Evelyn Vilanek<strong><br \/>\n<span style=\"color: #a40e0e;\">Schulische Tagesbetreuung &nbsp;| Popoldansko bivanje: <\/span><\/strong>Sonja Gasser, Ivana Stefaner-Weiss<strong><br \/>\n<span style=\"color: #a40e0e;\">Religion | Verouk:<\/span><\/strong> Janko Kristof, Nanti Olip, Susanne Schuster-Nidetzky (evang.)<br \/>\n<span style=\"color: #a40e0e;\"><strong>Werkerziehung | Ro\u010dno delo:<\/strong> <\/span>Ursula Schu\u00dfmann<br \/>\n<span style=\"color: #a40e0e;\"><strong>Deutschf\u00f6rderung | Pospe\u0161evanje nem\u0161\u010dine:<\/strong><\/span> Birgit Bertl-Degenhardt<br \/>\n<span style=\"color: #a40e0e;\"><strong>Sprachheillehrerin, SPF | Logopedinja:<\/strong><\/span> Doris Malle, Nadja Feinig<\/p>\n<p><a href=\"http:\/\/www.vs-ludmannsdorf-bilcovs.at\/?attachment_id=10386\" rel=\"attachment wp-att-10386\"><img loading=\"lazy\" decoding=\"async\" class=\"aligncenter wp-image-10386\" src=\"http:\/\/www.vs-ludmannsdorf-bilcovs.at\/wp-content\/uploads\/Lehrer-2016_17-1.jpg\" alt=\"lehrer-2016_17\" width=\"960\" height=\"686\" srcset=\"http:\/\/www.vs-ludmannsdorf-bilcovs.at\/wp-content\/uploads\/Lehrer-2016_17-1.jpg 960w, http:\/\/www.vs-ludmannsdorf-bilcovs.at\/wp-content\/uploads\/Lehrer-2016_17-1-300x214.jpg 300w, http:\/\/www.vs-ludmannsdorf-bilcovs.at\/wp-content\/uploads\/Lehrer-2016_17-1-768x549.jpg 768w\" sizes=\"auto, (max-width: 960px) 100vw, 960px\" \/><\/a><\/p>\n","protected":false},"excerpt":{"rendered":"<p>1.a Klasse | 1.a razred:&nbsp;&nbsp; Alexandra Malle 1.b Klasse | 1.b razred:&nbsp; &nbsp;Sara M\u00fcller, Sabine Totschnig 2. Klasse &nbsp; | 2. razred:&nbsp; &nbsp;&nbsp;Karin Pfarrmaier, Thomas Partl 3. Klasse &nbsp; | 3. razred: &nbsp; Jessica Travnik, Sabine Totschnig 4. Klasse &nbsp; | 4. razred: &nbsp;&nbsp;Bernhard Olip,&nbsp;Gertraud Stangl MDL-Stunden | Nadure: Evelyn Vilanek Schulische Tagesbetreuung &nbsp;| Popoldansko [&hellip;]<\/p>\n","protected":false},"author":1,"featured_media":10231,"parent":0,"menu_order":0,"comment_status":"open","ping_status":"open","template":"","meta":{"ngg_post_thumbnail":0,"footnotes":""},"class_list":["post-818","page","type-page","status-publish","has-post-thumbnail"],"_links":{"self":[{"href":"http:\/\/www.vs-ludmannsdorf-bilcovs.at\/index.php?rest_route=\/wp\/v2\/pages\/818","targetHints":{"allow":["GET"]}}],"collection":[{"href":"http:\/\/www.vs-ludmannsdorf-bilcovs.at\/index.php?rest_route=\/wp\/v2\/pages"}],"about":[{"href":"http:\/\/www.vs-ludmannsdorf-bilcovs.at\/index.php?rest_route=\/wp\/v2\/types\/page"}],"author":[{"embeddable":true,"href":"http:\/\/www.vs-ludmannsdorf-bilcovs.at\/index.php?rest_route=\/wp\/v2\/users\/1"}],"replies":[{"embeddable":true,"href":"http:\/\/www.vs-ludmannsdorf-bilcovs.at\/index.php?rest_route=%2Fwp%2Fv2%2Fcomments&post=818"}],"version-history":[{"count":0,"href":"http:\/\/www.vs-ludmannsdorf-bilcovs.at\/index.php?rest_route=\/wp\/v2\/pages\/818\/revisions"}],"wp:featuredmedia":[{"embeddable":true,"href":"http:\/\/www.vs-ludmannsdorf-bilcovs.at\/index.php?rest_route=\/wp\/v2\/media\/10231"}],"wp:attachment":[{"href":"http:\/\/www.vs-ludmannsdorf-bilcovs.at\/index.php?rest_route=%2Fwp%2Fv2%2Fmedia&parent=818"}],"curies":[{"name":"wp","href":"https:\/\/api.w.org\/{rel}","templated":true}]}}