{"id":21119,"date":"2020-05-20T11:24:21","date_gmt":"2020-05-20T09:24:21","guid":{"rendered":"http:\/\/www.vs-ludmannsdorf-bilcovs.at\/?page_id=21119"},"modified":"2020-05-20T11:24:22","modified_gmt":"2020-05-20T09:24:22","slug":"zeitungsartikel-zum-umbau-des-neuen-bildungszentrums-clanki-v-casopisih-k-adaptaciji-novega-izobrazavalnega-centra","status":"publish","type":"page","link":"http:\/\/www.vs-ludmannsdorf-bilcovs.at\/?page_id=21119","title":{"rendered":"Zeitungsartikel zum Umbau des neuen Bildungszentrums | \u010clanki v \u010dasopisih k adaptaciji novega izobra\u017eavalnega centra"},"content":{"rendered":"\n<div class=\"wp-block-image\"><figure class=\"alignleft size-large is-resized\"><img loading=\"lazy\" decoding=\"async\" src=\"http:\/\/www.vs-ludmannsdorf-bilcovs.at\/wp-content\/uploads\/SKM_C36818062512570.jpg\" alt=\"\" class=\"wp-image-21120\" width=\"533\" height=\"677\" srcset=\"http:\/\/www.vs-ludmannsdorf-bilcovs.at\/wp-content\/uploads\/SKM_C36818062512570.jpg 768w, http:\/\/www.vs-ludmannsdorf-bilcovs.at\/wp-content\/uploads\/SKM_C36818062512570-236x300.jpg 236w\" sizes=\"auto, (max-width: 533px) 100vw, 533px\" \/><figcaption>K\u00e4rntner Woche, 20.9.2017<\/figcaption><\/figure><\/div>\n\n\n\n<div class=\"wp-block-image\"><figure class=\"alignright size-large is-resized\"><img loading=\"lazy\" decoding=\"async\" src=\"http:\/\/www.vs-ludmannsdorf-bilcovs.at\/wp-content\/uploads\/SKM_C36818062512560-2.jpg\" alt=\"\" class=\"wp-image-21137\" width=\"175\" height=\"667\"\/><\/figure><\/div>\n\n\n\n<figure class=\"wp-block-image size-large\"><img decoding=\"async\" src=\"blob:http:\/\/www.vs-ludmannsdorf-bilcovs.at\/9b39693b-4cb2-48cc-bc93-a770e189cc03\" alt=\"\"\/><\/figure>\n\n\n\n<figure class=\"wp-block-image size-large\"><img loading=\"lazy\" decoding=\"async\" width=\"597\" height=\"1024\" src=\"http:\/\/www.vs-ludmannsdorf-bilcovs.at\/wp-content\/uploads\/SKM_C36818062512470-1.jpg\" alt=\"\" class=\"wp-image-21130\" srcset=\"http:\/\/www.vs-ludmannsdorf-bilcovs.at\/wp-content\/uploads\/SKM_C36818062512470-1.jpg 597w, http:\/\/www.vs-ludmannsdorf-bilcovs.at\/wp-content\/uploads\/SKM_C36818062512470-1-175x300.jpg 175w\" sizes=\"auto, (max-width: 597px) 100vw, 597px\" \/><figcaption>K\u00e4rntner Woche, 28.2.2018<\/figcaption><\/figure>\n\n\n\n<figure class=\"wp-block-image size-large\"><img loading=\"lazy\" decoding=\"async\" width=\"601\" height=\"1024\" src=\"http:\/\/www.vs-ludmannsdorf-bilcovs.at\/wp-content\/uploads\/SKM_C36818062512530.jpg\" alt=\"\" class=\"wp-image-21131\" srcset=\"http:\/\/www.vs-ludmannsdorf-bilcovs.at\/wp-content\/uploads\/SKM_C36818062512530.jpg 601w, http:\/\/www.vs-ludmannsdorf-bilcovs.at\/wp-content\/uploads\/SKM_C36818062512530-176x300.jpg 176w\" sizes=\"auto, (max-width: 601px) 100vw, 601px\" \/><figcaption>K\u00e4rntner Woche, 20.12.2017<\/figcaption><\/figure>\n\n\n\n<figure class=\"wp-block-image size-large\"><img loading=\"lazy\" decoding=\"async\" width=\"768\" height=\"926\" src=\"http:\/\/www.vs-ludmannsdorf-bilcovs.at\/wp-content\/uploads\/SKM_C36818062512450.jpg\" alt=\"\" class=\"wp-image-21132\" srcset=\"http:\/\/www.vs-ludmannsdorf-bilcovs.at\/wp-content\/uploads\/SKM_C36818062512450.jpg 768w, http:\/\/www.vs-ludmannsdorf-bilcovs.at\/wp-content\/uploads\/SKM_C36818062512450-249x300.jpg 249w\" sizes=\"auto, (max-width: 768px) 100vw, 768px\" \/><figcaption>Rosentaler Kurier, 03\/2018<\/figcaption><\/figure>\n\n\n\n<figure class=\"wp-block-image size-large\"><img loading=\"lazy\" decoding=\"async\" width=\"768\" height=\"790\" src=\"http:\/\/www.vs-ludmannsdorf-bilcovs.at\/wp-content\/uploads\/SKM_C36818062513070.jpg\" alt=\"\" class=\"wp-image-21133\" srcset=\"http:\/\/www.vs-ludmannsdorf-bilcovs.at\/wp-content\/uploads\/SKM_C36818062513070.jpg 768w, http:\/\/www.vs-ludmannsdorf-bilcovs.at\/wp-content\/uploads\/SKM_C36818062513070-292x300.jpg 292w\" sizes=\"auto, (max-width: 768px) 100vw, 768px\" \/><figcaption>Rosentaler Kurier, 05\/2018<\/figcaption><\/figure>\n\n\n\n<figure class=\"wp-block-image size-large\"><img decoding=\"async\" src=\"http:\/\/www.vs-ludmannsdorf-bilcovs.at\/wp-content\/uploads\/SKM_C36818110512050.jpg\" alt=\"\" class=\"wp-image-21134\"\/><figcaption>Ludmannsdorfer Gemeindezeitung, 08\/2018<\/figcaption><\/figure>\n\n\n\n<figure class=\"wp-block-image size-large\"><img loading=\"lazy\" decoding=\"async\" width=\"1024\" height=\"589\" src=\"http:\/\/www.vs-ludmannsdorf-bilcovs.at\/wp-content\/uploads\/SKM_C36818110512060.jpg\" alt=\"\" class=\"wp-image-21135\" srcset=\"http:\/\/www.vs-ludmannsdorf-bilcovs.at\/wp-content\/uploads\/SKM_C36818110512060.jpg 1024w, http:\/\/www.vs-ludmannsdorf-bilcovs.at\/wp-content\/uploads\/SKM_C36818110512060-300x173.jpg 300w, http:\/\/www.vs-ludmannsdorf-bilcovs.at\/wp-content\/uploads\/SKM_C36818110512060-768x442.jpg 768w\" sizes=\"auto, (max-width: 1024px) 100vw, 1024px\" \/><figcaption>Bil\u010dov\u0161ki ob\u010dinski list, 08\/2018<\/figcaption><\/figure>\n","protected":false},"excerpt":{"rendered":"","protected":false},"author":1,"featured_media":0,"parent":0,"menu_order":0,"comment_status":"closed","ping_status":"closed","template":"","meta":{"ngg_post_thumbnail":0,"footnotes":""},"class_list":["post-21119","page","type-page","status-publish"],"_links":{"self":[{"href":"http:\/\/www.vs-ludmannsdorf-bilcovs.at\/index.php?rest_route=\/wp\/v2\/pages\/21119","targetHints":{"allow":["GET"]}}],"collection":[{"href":"http:\/\/www.vs-ludmannsdorf-bilcovs.at\/index.php?rest_route=\/wp\/v2\/pages"}],"about":[{"href":"http:\/\/www.vs-ludmannsdorf-bilcovs.at\/index.php?rest_route=\/wp\/v2\/types\/page"}],"author":[{"embeddable":true,"href":"http:\/\/www.vs-ludmannsdorf-bilcovs.at\/index.php?rest_route=\/wp\/v2\/users\/1"}],"replies":[{"embeddable":true,"href":"http:\/\/www.vs-ludmannsdorf-bilcovs.at\/index.php?rest_route=%2Fwp%2Fv2%2Fcomments&post=21119"}],"version-history":[{"count":0,"href":"http:\/\/www.vs-ludmannsdorf-bilcovs.at\/index.php?rest_route=\/wp\/v2\/pages\/21119\/revisions"}],"wp:attachment":[{"href":"http:\/\/www.vs-ludmannsdorf-bilcovs.at\/index.php?rest_route=%2Fwp%2Fv2%2Fmedia&parent=21119"}],"curies":[{"name":"wp","href":"https:\/\/api.w.org\/{rel}","templated":true}]}}