{"id":21090,"date":"2020-05-20T10:19:49","date_gmt":"2020-05-20T08:19:49","guid":{"rendered":"http:\/\/www.vs-ludmannsdorf-bilcovs.at\/?page_id=21090"},"modified":"2024-10-14T08:31:44","modified_gmt":"2024-10-14T06:31:44","slug":"der-kindergarten-wird-in-das-bildungszentrum-integriert-otroski-vrtec-pride-v-izobrazevalni-center","status":"publish","type":"page","link":"http:\/\/www.vs-ludmannsdorf-bilcovs.at\/?page_id=21090","title":{"rendered":"Der Kindergarten wird in das Bildungszentrum integriert | Otro\u0161ki vrtec pride v Izobra\u017eevalni center"},"content":{"rendered":"\n<p>\u201eMiteinander und voneinander lernen!\u201c \u2013 so lautete im Schuljahr 2018\/19 das Jahresthema der Volksschule. Und ab dem 19. November 2018 war es soweit. Mit dem Einzug des Kindergartens in das neue Bildungszentrum waren nun alle Bildungseinrichtungen der Gemeinde \u2013 die Volksschule, die schulische Tagesbetreuung und der Kindergarten \u2013 unter einem gemeinsamen Dach versammelt. Ein bedeutender und aufregender Tag f\u00fcr alle Beteiligten. Mit dem gemeinsamen Lied \u201eMi smo prijatelji! \u2013 Wir sind Freunde!\u201c begr\u00fc\u00dften die Volksschulkinder die Kindergartenkinder in der Aula des neuen Bildungszentrums. Mit einem guten Gef\u00fchl der Gemeinsamkeit und Verbundenheit wurde so eine neue \u00c4ra aller Bildungseinrichtungen in Ludmannsdorf begonnen. <\/p>\n\n\n\n<p>\u201eDrug z drugim in drug od drugega se u\u010dimo!\u201c \u2013 tako se je glasilo geslo \u0161olskega leta 2018\/19, ki si ga je zastavila ljudska \u0161ola. In od 19. novembra 2018 naprej je bilo tako dale\u010d. S prihodom otro\u0161kega vrteca v novi izobra\u017eevalni center, so bile vse izobra\u017eevalne ustanove ob\u010dine \u2013 ljudska \u0161ola, popoldanska oskrba in vrtec \u2013 zbrane pod eno streho. Zelo pomemben in razburljiv dan za vse udele\u017eenke in udele\u017eence. S skupno pesmijo \u201eMi smo prijatelji! \u2013 Wir sind Freunde!\u201c so otroci ljudske \u0161ole pozdravili otroke in vzgojiteljice otro\u0161kega vrteca v avli novega izobra\u017eevalnega centra. Tako se je z dobrim ob\u010dutkom skupnosti in povezanosti pri\u010delo novo obdobje izobra\u017eevanja otrok v Bil\u010dovsu.<\/p>\n\n\n\nngg_shortcode_0_placeholder\n","protected":false},"excerpt":{"rendered":"<p>\u201eMiteinander und voneinander lernen!\u201c \u2013 so lautete im Schuljahr 2018\/19 das Jahresthema der Volksschule. Und ab dem 19. November 2018 war es soweit. Mit dem Einzug des Kindergartens in das neue Bildungszentrum waren nun alle Bildungseinrichtungen der Gemeinde \u2013 die Volksschule, die schulische Tagesbetreuung und der Kindergarten \u2013 unter einem gemeinsamen Dach versammelt. Ein bedeutender [&hellip;]<\/p>\n","protected":false},"author":1,"featured_media":0,"parent":0,"menu_order":0,"comment_status":"closed","ping_status":"closed","template":"","meta":{"ngg_post_thumbnail":0,"footnotes":""},"class_list":["post-21090","page","type-page","status-publish"],"_links":{"self":[{"href":"http:\/\/www.vs-ludmannsdorf-bilcovs.at\/index.php?rest_route=\/wp\/v2\/pages\/21090","targetHints":{"allow":["GET"]}}],"collection":[{"href":"http:\/\/www.vs-ludmannsdorf-bilcovs.at\/index.php?rest_route=\/wp\/v2\/pages"}],"about":[{"href":"http:\/\/www.vs-ludmannsdorf-bilcovs.at\/index.php?rest_route=\/wp\/v2\/types\/page"}],"author":[{"embeddable":true,"href":"http:\/\/www.vs-ludmannsdorf-bilcovs.at\/index.php?rest_route=\/wp\/v2\/users\/1"}],"replies":[{"embeddable":true,"href":"http:\/\/www.vs-ludmannsdorf-bilcovs.at\/index.php?rest_route=%2Fwp%2Fv2%2Fcomments&post=21090"}],"version-history":[{"count":1,"href":"http:\/\/www.vs-ludmannsdorf-bilcovs.at\/index.php?rest_route=\/wp\/v2\/pages\/21090\/revisions"}],"predecessor-version":[{"id":30953,"href":"http:\/\/www.vs-ludmannsdorf-bilcovs.at\/index.php?rest_route=\/wp\/v2\/pages\/21090\/revisions\/30953"}],"wp:attachment":[{"href":"http:\/\/www.vs-ludmannsdorf-bilcovs.at\/index.php?rest_route=%2Fwp%2Fv2%2Fmedia&parent=21090"}],"curies":[{"name":"wp","href":"https:\/\/api.w.org\/{rel}","templated":true}]}}