{"id":21081,"date":"2020-05-20T09:51:09","date_gmt":"2020-05-20T07:51:09","guid":{"rendered":"http:\/\/www.vs-ludmannsdorf-bilcovs.at\/?page_id=21081"},"modified":"2024-10-14T08:23:13","modified_gmt":"2024-10-14T06:23:13","slug":"dislozierter-unterricht-dislociran-pouk","status":"publish","type":"page","link":"http:\/\/www.vs-ludmannsdorf-bilcovs.at\/?page_id=21081","title":{"rendered":"Dislozierter Unterricht | Dislociran pouk"},"content":{"rendered":"\n<p>Aufgrund von Verz\u00f6gerungen bei den Sanierungs- und Umbauarbeiten am Schulgeb\u00e4ude, konnte der Unterrichtsbeginn im Schuljahr 2018\/19 nicht in der Schule erfolgen. Alternativ wurden die Sch\u00fclerinnen und Sch\u00fcler in anderen R\u00e4umlichkeiten unterrichtet: 1. Klasse &#8211; im Feuerwehrhaus, 2. &amp; 3. Klasse im Pfarrheim und die 4. Klasse im Obergeschoss des Gemeindeamtes. Die Direktion wurde ebenfalls in das Gemeindeamt verlegt. Diese Einteilung galt bis zum 5. Oktober 2018.<\/p>\n\n\n\n<p>Zaradi zamude pri sanacijskih in gradbenih delih na \u0161olskem poslopju, se pouk v \u0161olskem letu ni mogel za\u010deti v \u0161olskih prostorih. Alternativno so bili dijakinje in dijaki razporejeni na druge prostore: 1. razred &#8211; v gasilskem domu, 2. &amp; 3. razred v farnem domu in 4. razred v prvem nadstropju ob\u010dinskega urada. Ravanteljstvo je tudi bilo preme\u0161\u010deno v ob\u010dinski urad. Ta razporeditev je veljala do 5. oktobra 2018.<\/p>\n\n\n\nngg_shortcode_0_placeholder\n","protected":false},"excerpt":{"rendered":"<p>Aufgrund von Verz\u00f6gerungen bei den Sanierungs- und Umbauarbeiten am Schulgeb\u00e4ude, konnte der Unterrichtsbeginn im Schuljahr 2018\/19 nicht in der Schule erfolgen. Alternativ wurden die Sch\u00fclerinnen und Sch\u00fcler in anderen R\u00e4umlichkeiten unterrichtet: 1. Klasse &#8211; im Feuerwehrhaus, 2. &amp; 3. Klasse im Pfarrheim und die 4. Klasse im Obergeschoss des Gemeindeamtes. Die Direktion wurde ebenfalls in [&hellip;]<\/p>\n","protected":false},"author":1,"featured_media":0,"parent":0,"menu_order":0,"comment_status":"closed","ping_status":"closed","template":"","meta":{"ngg_post_thumbnail":0,"footnotes":""},"class_list":["post-21081","page","type-page","status-publish"],"_links":{"self":[{"href":"http:\/\/www.vs-ludmannsdorf-bilcovs.at\/index.php?rest_route=\/wp\/v2\/pages\/21081","targetHints":{"allow":["GET"]}}],"collection":[{"href":"http:\/\/www.vs-ludmannsdorf-bilcovs.at\/index.php?rest_route=\/wp\/v2\/pages"}],"about":[{"href":"http:\/\/www.vs-ludmannsdorf-bilcovs.at\/index.php?rest_route=\/wp\/v2\/types\/page"}],"author":[{"embeddable":true,"href":"http:\/\/www.vs-ludmannsdorf-bilcovs.at\/index.php?rest_route=\/wp\/v2\/users\/1"}],"replies":[{"embeddable":true,"href":"http:\/\/www.vs-ludmannsdorf-bilcovs.at\/index.php?rest_route=%2Fwp%2Fv2%2Fcomments&post=21081"}],"version-history":[{"count":1,"href":"http:\/\/www.vs-ludmannsdorf-bilcovs.at\/index.php?rest_route=\/wp\/v2\/pages\/21081\/revisions"}],"predecessor-version":[{"id":30860,"href":"http:\/\/www.vs-ludmannsdorf-bilcovs.at\/index.php?rest_route=\/wp\/v2\/pages\/21081\/revisions\/30860"}],"wp:attachment":[{"href":"http:\/\/www.vs-ludmannsdorf-bilcovs.at\/index.php?rest_route=%2Fwp%2Fv2%2Fmedia&parent=21081"}],"curies":[{"name":"wp","href":"https:\/\/api.w.org\/{rel}","templated":true}]}}