{"id":20774,"date":"2020-05-20T09:53:30","date_gmt":"2020-05-20T07:53:30","guid":{"rendered":"http:\/\/www.vs-ludmannsdorf-bilcovs.at\/?page_id=20774"},"modified":"2024-10-14T08:19:05","modified_gmt":"2024-10-14T06:19:05","slug":"schulumbau-adaptacija-sole","status":"publish","type":"page","link":"http:\/\/www.vs-ludmannsdorf-bilcovs.at\/?page_id=20774","title":{"rendered":"Schulumbau | Adaptacija \u0161ole"},"content":{"rendered":"\n<p>Anhand eines B\u00fcrgerbeteiligungsprozesses hat sich ergeben, dass die Sanierung des Geb\u00e4udes ganzheitlich und zukunftsorientiert erfolgen muss, um die Bausubstanz wieder f\u00fcr die n\u00e4chsten 50 Jahre &#8222;zukunftsfit&#8220; zu machen. <\/p>\n\n\n\n<p>Im Juni 2018 begannen die umfangreichen Sanierungs-, Adaptierungs- und Umbauma\u00dfnahmen am Schulgeb\u00e4ude. Nachdem diese teilweise bei laufendem Schulbetrieb durchgef\u00fchrt wurden, kam es des \u00f6fteren zu St\u00f6rungen des Unterrichts. Ebenso aufw\u00e4ndig waren die Ma\u00dfnahmen zur Absicherung der Baustelle.<\/p>\n\n\n\n<p>Die Sanierung wurde als Projekt aus dem Programm \u201eMustersanierung\u201c des Klima- und Energiefonds in Kooperation mit dem Bundesministerium f\u00fcr Nachhaltigkeit und Tourismus (BMNT) durchgef\u00fchrt. <\/p>\n\n\n\n<p class=\"has-vivid-red-color has-text-color\"><strong>Beteiligte Baufirmen:<\/strong><\/p>\n\n\n\n<div class=\"wp-block-file\"><a href=\"http:\/\/www.vs-ludmannsdorf-bilcovs.at\/wp-content\/uploads\/Firmenliste_FACHPLANUNG.pdf\">Firmenliste_FACHPLANUNG<\/a><a href=\"http:\/\/www.vs-ludmannsdorf-bilcovs.at\/wp-content\/uploads\/Firmenliste_FACHPLANUNG.pdf\" class=\"wp-block-file__button wp-element-button\" download>Herunterladen<\/a><\/div>\n\n\n\n<div class=\"wp-block-file\"><a href=\"http:\/\/www.vs-ludmannsdorf-bilcovs.at\/wp-content\/uploads\/Firmenliste_AUSF\u00dcHRUNG.pdf\">Firmenliste_AUSF\u00dcHRUNG<\/a><a href=\"http:\/\/www.vs-ludmannsdorf-bilcovs.at\/wp-content\/uploads\/Firmenliste_AUSF\u00dcHRUNG.pdf\" class=\"wp-block-file__button wp-element-button\" download>Herunterladen<\/a><\/div>\n\n\n\n<figure class=\"wp-block-image size-large\"><a href=\"http:\/\/www.vs-ludmannsdorf-bilcovs.at\/wp-content\/uploads\/Gruppenfoto-1-scaled.jpg\"><img loading=\"lazy\" decoding=\"async\" width=\"1024\" height=\"575\" src=\"http:\/\/www.vs-ludmannsdorf-bilcovs.at\/wp-content\/uploads\/Gruppenfoto-1-1024x575.jpg\" alt=\"\" class=\"wp-image-30556\" srcset=\"http:\/\/www.vs-ludmannsdorf-bilcovs.at\/wp-content\/uploads\/Gruppenfoto-1-1024x575.jpg 1024w, http:\/\/www.vs-ludmannsdorf-bilcovs.at\/wp-content\/uploads\/Gruppenfoto-1-300x168.jpg 300w, http:\/\/www.vs-ludmannsdorf-bilcovs.at\/wp-content\/uploads\/Gruppenfoto-1-768x431.jpg 768w, http:\/\/www.vs-ludmannsdorf-bilcovs.at\/wp-content\/uploads\/Gruppenfoto-1-1536x863.jpg 1536w, http:\/\/www.vs-ludmannsdorf-bilcovs.at\/wp-content\/uploads\/Gruppenfoto-1-2048x1150.jpg 2048w, http:\/\/www.vs-ludmannsdorf-bilcovs.at\/wp-content\/uploads\/Gruppenfoto-1-150x84.jpg 150w, http:\/\/www.vs-ludmannsdorf-bilcovs.at\/wp-content\/uploads\/Gruppenfoto-1-696x391.jpg 696w, http:\/\/www.vs-ludmannsdorf-bilcovs.at\/wp-content\/uploads\/Gruppenfoto-1-1068x600.jpg 1068w, http:\/\/www.vs-ludmannsdorf-bilcovs.at\/wp-content\/uploads\/Gruppenfoto-1-1920x1078.jpg 1920w\" sizes=\"auto, (max-width: 1024px) 100vw, 1024px\" \/><\/a><figcaption class=\"wp-element-caption\"><em>Gruppenbild aller beteiligten Firmen und Institutionen<br>Skupinska slika vseh udele\u017eenih firm in ustanov<\/em><\/figcaption><\/figure>\n\n\n\nngg_shortcode_0_placeholder\n\n\n\n<p><a href=\"http:\/\/www.vs-ludmannsdorf-bilcovs.at\/?page_id=21119\">Zeitungsartikel zur Schulsanierung | \u010clanki v \u010dasopisih k adaptaciji \u0161ole<\/a><\/p>\n","protected":false},"excerpt":{"rendered":"<p>Anhand eines B\u00fcrgerbeteiligungsprozesses hat sich ergeben, dass die Sanierung des Geb\u00e4udes ganzheitlich und zukunftsorientiert erfolgen muss, um die Bausubstanz wieder f\u00fcr die n\u00e4chsten 50 Jahre &#8222;zukunftsfit&#8220; zu machen. Im Juni 2018 begannen die umfangreichen Sanierungs-, Adaptierungs- und Umbauma\u00dfnahmen am Schulgeb\u00e4ude. Nachdem diese teilweise bei laufendem Schulbetrieb durchgef\u00fchrt wurden, kam es des \u00f6fteren zu St\u00f6rungen des [&hellip;]<\/p>\n","protected":false},"author":1,"featured_media":0,"parent":0,"menu_order":0,"comment_status":"closed","ping_status":"closed","template":"","meta":{"ngg_post_thumbnail":0,"footnotes":""},"class_list":["post-20774","page","type-page","status-publish"],"_links":{"self":[{"href":"http:\/\/www.vs-ludmannsdorf-bilcovs.at\/index.php?rest_route=\/wp\/v2\/pages\/20774","targetHints":{"allow":["GET"]}}],"collection":[{"href":"http:\/\/www.vs-ludmannsdorf-bilcovs.at\/index.php?rest_route=\/wp\/v2\/pages"}],"about":[{"href":"http:\/\/www.vs-ludmannsdorf-bilcovs.at\/index.php?rest_route=\/wp\/v2\/types\/page"}],"author":[{"embeddable":true,"href":"http:\/\/www.vs-ludmannsdorf-bilcovs.at\/index.php?rest_route=\/wp\/v2\/users\/1"}],"replies":[{"embeddable":true,"href":"http:\/\/www.vs-ludmannsdorf-bilcovs.at\/index.php?rest_route=%2Fwp%2Fv2%2Fcomments&post=20774"}],"version-history":[{"count":2,"href":"http:\/\/www.vs-ludmannsdorf-bilcovs.at\/index.php?rest_route=\/wp\/v2\/pages\/20774\/revisions"}],"predecessor-version":[{"id":30837,"href":"http:\/\/www.vs-ludmannsdorf-bilcovs.at\/index.php?rest_route=\/wp\/v2\/pages\/20774\/revisions\/30837"}],"wp:attachment":[{"href":"http:\/\/www.vs-ludmannsdorf-bilcovs.at\/index.php?rest_route=%2Fwp%2Fv2%2Fmedia&parent=20774"}],"curies":[{"name":"wp","href":"https:\/\/api.w.org\/{rel}","templated":true}]}}