{"id":19549,"date":"2019-10-23T11:06:27","date_gmt":"2019-10-23T09:06:27","guid":{"rendered":"http:\/\/www.vs-ludmannsdorf-bilcovs.at\/?page_id=19549"},"modified":"2019-10-23T11:23:07","modified_gmt":"2019-10-23T09:23:07","slug":"lehrerinnen-2018-19-ucitelji-ce-2018-19","status":"publish","type":"page","link":"http:\/\/www.vs-ludmannsdorf-bilcovs.at\/?page_id=19549","title":{"rendered":"LehrerInnen 2018\/19 | U\u010ditelji\/-ce 2018\/19"},"content":{"rendered":"\n<p class=\"has-text-color has-very-dark-gray-color\"><strong>1. Klasse | 1. razred:<\/strong> \u00a0  Alexandra Malle, Sabine Totschnig <\/p>\n\n\n\n<p><strong>2. Klasse | 2. razred:<\/strong> &nbsp;&nbsp;  Thomas Partl, Janez M\u00fcller, Gertraud Stangl <\/p>\n\n\n\n<p><strong>3.a Klasse | 3.a razred:<\/strong> \u00a0 Bernhard Olip <\/p>\n\n\n\n<p><strong>3.b Klasse | 3.b razred:  <\/strong> Jessica Travnik, Gertraud Stangl <\/p>\n\n\n\n<p><strong>4. Klasse | 4. razred: \u00a0\u00a0\u00a0 <\/strong> Sara M\u00fcller, Sabine Totschnig <\/p>\n\n\n\n<p><strong>MDL-Stunden | Nadure:<\/strong> Daniela Prilasnig<strong><br>Schulische Tagesbetreuung &nbsp;| Popoldansko bivanje: <\/strong>Sonja Gasser, Patricia Beihammer<strong><br>Religion | Verouk:<\/strong> Janko Kristof, Danijel Olip<br><strong>Werkerziehung | Ro\u010dno delo:<\/strong> Silke U\u017enik<br><strong>F\u00f6rderung f\u00fcr Geh\u00f6rbeeintr\u00e4chtigte| Posebno pospe\u0161evanje:<\/strong> Franziska Kainz<br><strong>Sprachheillehrerin, SPF | Logopedinja:<\/strong> Doris Malle<\/p>\n\n\n\n<figure class=\"wp-block-image\"><img loading=\"lazy\" decoding=\"async\" width=\"1024\" height=\"551\" src=\"http:\/\/www.vs-ludmannsdorf-bilcovs.at\/wp-content\/uploads\/0015-1024x551.jpg\" alt=\"\" class=\"wp-image-16611\" srcset=\"http:\/\/www.vs-ludmannsdorf-bilcovs.at\/wp-content\/uploads\/0015.jpg 1024w, http:\/\/www.vs-ludmannsdorf-bilcovs.at\/wp-content\/uploads\/0015-300x161.jpg 300w, http:\/\/www.vs-ludmannsdorf-bilcovs.at\/wp-content\/uploads\/0015-768x413.jpg 768w\" sizes=\"auto, (max-width: 1024px) 100vw, 1024px\" \/><\/figure>\n","protected":false},"excerpt":{"rendered":"<p>1. Klasse | 1. razred: \u00a0 Alexandra Malle, Sabine Totschnig 2. Klasse | 2. razred: &nbsp;&nbsp; Thomas Partl, Janez M\u00fcller, Gertraud Stangl 3.a Klasse | 3.a razred: \u00a0 Bernhard Olip 3.b Klasse | 3.b razred: Jessica Travnik, Gertraud Stangl 4. Klasse | 4. razred: \u00a0\u00a0\u00a0 Sara M\u00fcller, Sabine Totschnig MDL-Stunden | Nadure: Daniela PrilasnigSchulische Tagesbetreuung [&hellip;]<\/p>\n","protected":false},"author":1,"featured_media":0,"parent":0,"menu_order":0,"comment_status":"closed","ping_status":"closed","template":"","meta":{"ngg_post_thumbnail":0,"footnotes":""},"class_list":["post-19549","page","type-page","status-publish"],"_links":{"self":[{"href":"http:\/\/www.vs-ludmannsdorf-bilcovs.at\/index.php?rest_route=\/wp\/v2\/pages\/19549","targetHints":{"allow":["GET"]}}],"collection":[{"href":"http:\/\/www.vs-ludmannsdorf-bilcovs.at\/index.php?rest_route=\/wp\/v2\/pages"}],"about":[{"href":"http:\/\/www.vs-ludmannsdorf-bilcovs.at\/index.php?rest_route=\/wp\/v2\/types\/page"}],"author":[{"embeddable":true,"href":"http:\/\/www.vs-ludmannsdorf-bilcovs.at\/index.php?rest_route=\/wp\/v2\/users\/1"}],"replies":[{"embeddable":true,"href":"http:\/\/www.vs-ludmannsdorf-bilcovs.at\/index.php?rest_route=%2Fwp%2Fv2%2Fcomments&post=19549"}],"version-history":[{"count":0,"href":"http:\/\/www.vs-ludmannsdorf-bilcovs.at\/index.php?rest_route=\/wp\/v2\/pages\/19549\/revisions"}],"wp:attachment":[{"href":"http:\/\/www.vs-ludmannsdorf-bilcovs.at\/index.php?rest_route=%2Fwp%2Fv2%2Fmedia&parent=19549"}],"curies":[{"name":"wp","href":"https:\/\/api.w.org\/{rel}","templated":true}]}}