{"id":19024,"date":"2019-09-24T08:42:56","date_gmt":"2019-09-24T06:42:56","guid":{"rendered":"http:\/\/www.vs-ludmannsdorf-bilcovs.at\/?page_id=19024"},"modified":"2021-09-16T09:50:16","modified_gmt":"2021-09-16T07:50:16","slug":"3-klasse-2019-20-3-razred-2019-20","status":"publish","type":"page","link":"http:\/\/www.vs-ludmannsdorf-bilcovs.at\/?page_id=19024","title":{"rendered":"4. Klasse &#8211; 2020\/21 | 4. razred &#8211; 2020\/21"},"content":{"rendered":"\n<div class=\"wp-block-image\"><figure class=\"aligncenter size-large\"><img loading=\"lazy\" decoding=\"async\" width=\"960\" height=\"686\" src=\"http:\/\/www.vs-ludmannsdorf-bilcovs.at\/wp-content\/uploads\/4.-Klasse.jpg\" alt=\"\" class=\"wp-image-21777\" srcset=\"http:\/\/www.vs-ludmannsdorf-bilcovs.at\/wp-content\/uploads\/4.-Klasse.jpg 960w, http:\/\/www.vs-ludmannsdorf-bilcovs.at\/wp-content\/uploads\/4.-Klasse-300x214.jpg 300w, http:\/\/www.vs-ludmannsdorf-bilcovs.at\/wp-content\/uploads\/4.-Klasse-768x549.jpg 768w\" sizes=\"auto, (max-width: 960px) 100vw, 960px\" \/><\/figure><\/div>\n\n\n\n<p class=\"has-text-align-center\">Klassenlehrerin | Razredna u\u010diteljica: vL Sara M\u00fcller<br>Teamlehrerin | Timska u\u010diteljica: VOL Sabine Totschnig<\/p>\n","protected":false},"excerpt":{"rendered":"<p>Klassenlehrerin | Razredna u\u010diteljica: vL Sara M\u00fcllerTeamlehrerin | Timska u\u010diteljica: VOL Sabine Totschnig<\/p>\n","protected":false},"author":1,"featured_media":0,"parent":0,"menu_order":0,"comment_status":"closed","ping_status":"closed","template":"","meta":{"ngg_post_thumbnail":0,"footnotes":""},"class_list":["post-19024","page","type-page","status-publish"],"_links":{"self":[{"href":"http:\/\/www.vs-ludmannsdorf-bilcovs.at\/index.php?rest_route=\/wp\/v2\/pages\/19024","targetHints":{"allow":["GET"]}}],"collection":[{"href":"http:\/\/www.vs-ludmannsdorf-bilcovs.at\/index.php?rest_route=\/wp\/v2\/pages"}],"about":[{"href":"http:\/\/www.vs-ludmannsdorf-bilcovs.at\/index.php?rest_route=\/wp\/v2\/types\/page"}],"author":[{"embeddable":true,"href":"http:\/\/www.vs-ludmannsdorf-bilcovs.at\/index.php?rest_route=\/wp\/v2\/users\/1"}],"replies":[{"embeddable":true,"href":"http:\/\/www.vs-ludmannsdorf-bilcovs.at\/index.php?rest_route=%2Fwp%2Fv2%2Fcomments&post=19024"}],"version-history":[{"count":1,"href":"http:\/\/www.vs-ludmannsdorf-bilcovs.at\/index.php?rest_route=\/wp\/v2\/pages\/19024\/revisions"}],"predecessor-version":[{"id":23403,"href":"http:\/\/www.vs-ludmannsdorf-bilcovs.at\/index.php?rest_route=\/wp\/v2\/pages\/19024\/revisions\/23403"}],"wp:attachment":[{"href":"http:\/\/www.vs-ludmannsdorf-bilcovs.at\/index.php?rest_route=%2Fwp%2Fv2%2Fmedia&parent=19024"}],"curies":[{"name":"wp","href":"https:\/\/api.w.org\/{rel}","templated":true}]}}