{"id":16108,"date":"2018-09-20T09:23:27","date_gmt":"2018-09-20T07:23:27","guid":{"rendered":"http:\/\/www.vs-ludmannsdorf-bilcovs.at\/?page_id=16108"},"modified":"2018-09-20T09:23:27","modified_gmt":"2018-09-20T07:23:27","slug":"lehrer-innen-2017-18-ucitelji-ce-2017-18","status":"publish","type":"page","link":"http:\/\/www.vs-ludmannsdorf-bilcovs.at\/?page_id=16108","title":{"rendered":"Lehrer\/-innen 2017\/18 | U\u010ditelji\/-ce 2017\/18"},"content":{"rendered":"<p><strong>1. Klasse&nbsp;&nbsp;&nbsp;&nbsp; | 1. razred:<\/strong>&nbsp;&nbsp; Thomas Partl, Karin Pfarrmaier<\/p>\n<p><strong>2.a Klasse | 1.a razred:<\/strong>&nbsp;&nbsp;&nbsp; Alexandra Malle<\/p>\n<p><strong>2.b Klasse | 1.b razred:<\/strong>&nbsp; &nbsp;Sara M\u00fcller, Sabine Totschnig<\/p>\n<p><strong>3. Klasse &nbsp; | 3. razred: &nbsp;&nbsp;&nbsp; <\/strong>Bernhard Olip,&nbsp;Sabine Totschnig<strong><br \/>\n<\/strong><\/p>\n<p><strong>4. Klasse &nbsp; | 4. razred: &nbsp;&nbsp;&nbsp; <\/strong>Jessica Travnik, Gertraud Stangl<strong><br \/>\n<\/strong><\/p>\n<p><strong>MDL-Stunden | Nadure:<\/strong> Alina Unkart<strong><br \/>\nSchulische Tagesbetreuung &nbsp;| Popoldansko bivanje: <\/strong>Sonja Gasser, Patricia Beihammer<strong><br \/>\nReligion | Verouk:<\/strong> Janko Kristof, Nanti Olip<br \/>\n<strong>Werkerziehung | Ro\u010dno delo:<\/strong> Ursula Schu\u00dfmann<br \/>\n<strong>Deutschf\u00f6rderung | Pospe\u0161evanje nem\u0161\u010dine:<\/strong> Christina Prix<br \/>\n<strong>Sprachheillehrerin, SPF | Logopedinja:<\/strong> Doris Malle, Nadja Feinig<\/p>\n<p><a href=\"http:\/\/www.vs-ludmannsdorf-bilcovs.at\/?attachment_id=13725\" rel=\"attachment wp-att-13725\"><img loading=\"lazy\" decoding=\"async\" class=\"aligncenter size-full wp-image-13725\" src=\"http:\/\/www.vs-ludmannsdorf-bilcovs.at\/wp-content\/uploads\/Lehrer-2017_2018.jpg\" alt=\"\" width=\"960\" height=\"686\" srcset=\"http:\/\/www.vs-ludmannsdorf-bilcovs.at\/wp-content\/uploads\/Lehrer-2017_2018.jpg 960w, http:\/\/www.vs-ludmannsdorf-bilcovs.at\/wp-content\/uploads\/Lehrer-2017_2018-300x214.jpg 300w, http:\/\/www.vs-ludmannsdorf-bilcovs.at\/wp-content\/uploads\/Lehrer-2017_2018-768x549.jpg 768w\" sizes=\"auto, (max-width: 960px) 100vw, 960px\" \/><\/a><\/p>\n","protected":false},"excerpt":{"rendered":"<p>1. Klasse&nbsp;&nbsp;&nbsp;&nbsp; | 1. razred:&nbsp;&nbsp; Thomas Partl, Karin Pfarrmaier 2.a Klasse | 1.a razred:&nbsp;&nbsp;&nbsp; Alexandra Malle 2.b Klasse | 1.b razred:&nbsp; &nbsp;Sara M\u00fcller, Sabine Totschnig 3. Klasse &nbsp; | 3. razred: &nbsp;&nbsp;&nbsp; Bernhard Olip,&nbsp;Sabine Totschnig 4. Klasse &nbsp; | 4. razred: &nbsp;&nbsp;&nbsp; Jessica Travnik, Gertraud Stangl MDL-Stunden | Nadure: Alina Unkart Schulische Tagesbetreuung &nbsp;| Popoldansko [&hellip;]<\/p>\n","protected":false},"author":1,"featured_media":0,"parent":0,"menu_order":0,"comment_status":"closed","ping_status":"closed","template":"","meta":{"ngg_post_thumbnail":0,"footnotes":""},"class_list":["post-16108","page","type-page","status-publish"],"_links":{"self":[{"href":"http:\/\/www.vs-ludmannsdorf-bilcovs.at\/index.php?rest_route=\/wp\/v2\/pages\/16108","targetHints":{"allow":["GET"]}}],"collection":[{"href":"http:\/\/www.vs-ludmannsdorf-bilcovs.at\/index.php?rest_route=\/wp\/v2\/pages"}],"about":[{"href":"http:\/\/www.vs-ludmannsdorf-bilcovs.at\/index.php?rest_route=\/wp\/v2\/types\/page"}],"author":[{"embeddable":true,"href":"http:\/\/www.vs-ludmannsdorf-bilcovs.at\/index.php?rest_route=\/wp\/v2\/users\/1"}],"replies":[{"embeddable":true,"href":"http:\/\/www.vs-ludmannsdorf-bilcovs.at\/index.php?rest_route=%2Fwp%2Fv2%2Fcomments&post=16108"}],"version-history":[{"count":0,"href":"http:\/\/www.vs-ludmannsdorf-bilcovs.at\/index.php?rest_route=\/wp\/v2\/pages\/16108\/revisions"}],"wp:attachment":[{"href":"http:\/\/www.vs-ludmannsdorf-bilcovs.at\/index.php?rest_route=%2Fwp%2Fv2%2Fmedia&parent=16108"}],"curies":[{"name":"wp","href":"https:\/\/api.w.org\/{rel}","templated":true}]}}