{"id":1606,"date":"2013-10-23T08:59:26","date_gmt":"2013-10-23T06:59:26","guid":{"rendered":"http:\/\/www.vs-ludmannsdorf-bilcovs.at\/?page_id=1606"},"modified":"2013-10-23T08:59:26","modified_gmt":"2013-10-23T06:59:26","slug":"erich-uznik","status":"publish","type":"page","link":"http:\/\/www.vs-ludmannsdorf-bilcovs.at\/?page_id=1606","title":{"rendered":"Erich U\u017enik"},"content":{"rendered":"<h6 style=\"text-align: center;\"><span style=\"color: #a40e0e;\"><strong>Lehrer und Schulleiter von 1984 bis 2002 | U\u010ditelj in ravnatelj od 1984 do 2002<\/strong><\/span><\/h6>\n<p style=\"text-align: center;\"><a href=\"http:\/\/www.vs-ludmannsdorf-bilcovs.at\/wp-content\/uploads\/Erich-U\u017enik.jpg\"><img loading=\"lazy\" decoding=\"async\" class=\"aligncenter size-full wp-image-1607\" alt=\"Erich U\u017enik\" src=\"http:\/\/www.vs-ludmannsdorf-bilcovs.at\/wp-content\/uploads\/Erich-U\u017enik.jpg\" width=\"480\" height=\"306\" srcset=\"http:\/\/www.vs-ludmannsdorf-bilcovs.at\/wp-content\/uploads\/Erich-U\u017enik.jpg 480w, http:\/\/www.vs-ludmannsdorf-bilcovs.at\/wp-content\/uploads\/Erich-U\u017enik-300x191.jpg 300w\" sizes=\"auto, (max-width: 480px) 100vw, 480px\" \/><\/a><span style=\"text-align: center;\">(Direktor | ravnatelj Erich U\u017enik &amp; Pfarrer | \u017eupnik Leopold Kassl)<\/span><\/p>\n","protected":false},"excerpt":{"rendered":"<p>Lehrer und Schulleiter von 1984 bis 2002 | U\u010ditelj in ravnatelj od 1984 do 2002 (Direktor | ravnatelj Erich U\u017enik &amp; Pfarrer | \u017eupnik Leopold Kassl)<\/p>\n","protected":false},"author":1,"featured_media":0,"parent":0,"menu_order":0,"comment_status":"closed","ping_status":"open","template":"","meta":{"ngg_post_thumbnail":0,"footnotes":""},"class_list":["post-1606","page","type-page","status-publish"],"_links":{"self":[{"href":"http:\/\/www.vs-ludmannsdorf-bilcovs.at\/index.php?rest_route=\/wp\/v2\/pages\/1606","targetHints":{"allow":["GET"]}}],"collection":[{"href":"http:\/\/www.vs-ludmannsdorf-bilcovs.at\/index.php?rest_route=\/wp\/v2\/pages"}],"about":[{"href":"http:\/\/www.vs-ludmannsdorf-bilcovs.at\/index.php?rest_route=\/wp\/v2\/types\/page"}],"author":[{"embeddable":true,"href":"http:\/\/www.vs-ludmannsdorf-bilcovs.at\/index.php?rest_route=\/wp\/v2\/users\/1"}],"replies":[{"embeddable":true,"href":"http:\/\/www.vs-ludmannsdorf-bilcovs.at\/index.php?rest_route=%2Fwp%2Fv2%2Fcomments&post=1606"}],"version-history":[{"count":0,"href":"http:\/\/www.vs-ludmannsdorf-bilcovs.at\/index.php?rest_route=\/wp\/v2\/pages\/1606\/revisions"}],"wp:attachment":[{"href":"http:\/\/www.vs-ludmannsdorf-bilcovs.at\/index.php?rest_route=%2Fwp%2Fv2%2Fmedia&parent=1606"}],"curies":[{"name":"wp","href":"https:\/\/api.w.org\/{rel}","templated":true}]}}