{"id":13611,"date":"2017-10-13T10:11:20","date_gmt":"2017-10-13T08:11:20","guid":{"rendered":"http:\/\/www.vs-ludmannsdorf-bilcovs.at\/?page_id=13611"},"modified":"2022-10-21T08:59:00","modified_gmt":"2022-10-21T06:59:00","slug":"lehrerteam-201718-uciteljski-zbor-201718","status":"publish","type":"page","link":"http:\/\/www.vs-ludmannsdorf-bilcovs.at\/?page_id=13611","title":{"rendered":"Lehrerteam &#8211; 2021\/22 | U\u010diteljski zbor &#8211; 2021\/22"},"content":{"rendered":"\n<div class=\"wp-block-columns has-2-columns is-layout-flex wp-container-core-columns-is-layout-9d6595d7 wp-block-columns-is-layout-flex\">\n<div class=\"wp-block-column is-layout-flow wp-block-column-is-layout-flow\">\n<p class=\"has-text-align-center\">Marina Kreutz-Mandl <em>(in Karenz | v karenci)<\/em><\/p>\n\n\n\n<p class=\"has-text-align-center\">Janko Kristof<em> (Religionslehrer | Verou\u010ditelj)<\/em><\/p>\n\n\n\n<p class=\"has-text-align-center\">Alexandra Malle <em>(KL 2. Klasse | RU 2. razred)<\/em><\/p>\n\n\n\n<p class=\"has-text-align-center\">Sara M\u00fcller <em>(KL 1. Klasse | RU 1. razred)<\/em><\/p>\n\n\n\n<p class=\"has-text-align-center\">Bernhard Olip <em>(KL 4. Klasse | RU 4. razred)<\/em><\/p>\n\n\n\n<p class=\"has-text-align-center\">Danijel Olip <em>(Religionslehrer | Verou\u010ditelj)<\/em><\/p>\n\n\n\n<p><\/p>\n\n\n\n<p class=\"has-text-align-center\">Sonja Gasser <em>(Schulische Tagesbetreuung | Popoldansko bivanje)<\/em><\/p>\n\n\n\n<p class=\"has-text-align-center\">Jasmina Ogris <em>(Schulische Tagesbetreuung | Popoldansko bivanje)<\/em><\/p>\n<\/div>\n\n\n\n<div class=\"wp-block-column is-layout-flow wp-block-column-is-layout-flow\">\n<p class=\"has-text-align-center\">Thomas Partl <em>(Schulleiter, Reststunden | Ravnatelj, ostale ure)<\/em><\/p>\n\n\n\n<p class=\"has-text-align-center\">Michaela Petscharnig (<em>Reststunden | Ostale ure)<\/em><\/p>\n\n\n\n<p class=\"has-text-align-center\">Maria Roth-Gabriel <em>(Integrationslehrerin | U\u010diteljice za integracijo)<\/em><\/p>\n\n\n\n<p class=\"has-text-align-center\">Gertraud Stangl <em>(TL 2.\/3. Klasse | TU 2.\/3. razred)<\/em><\/p>\n\n\n\n<p class=\"has-text-align-center\">Sabine Totschnig <em>(TL 1.\/4. Klasse | TU 1.\/4. razred)<\/em><\/p>\n\n\n\n<p class=\"has-text-align-center\">Jessica Travnik <em>(KL 3. Klasse | RU 3. razred)<\/em><\/p>\n\n\n\n<p class=\"has-text-align-center\">Doris Skerjanz <em>(Sprachheillehrerin | Logopedinja)<\/em><\/p>\n<\/div>\n<\/div>\n\n\n\n<figure class=\"wp-block-image size-large\"><a href=\"http:\/\/www.vs-ludmannsdorf-bilcovs.at\/wp-content\/uploads\/0004-2-scaled.jpg\"><img loading=\"lazy\" decoding=\"async\" width=\"1024\" height=\"731\" src=\"http:\/\/www.vs-ludmannsdorf-bilcovs.at\/wp-content\/uploads\/0004-2-1024x731.jpg\" alt=\"\" class=\"wp-image-23583\" srcset=\"http:\/\/www.vs-ludmannsdorf-bilcovs.at\/wp-content\/uploads\/0004-2-1024x731.jpg 1024w, http:\/\/www.vs-ludmannsdorf-bilcovs.at\/wp-content\/uploads\/0004-2-300x214.jpg 300w, http:\/\/www.vs-ludmannsdorf-bilcovs.at\/wp-content\/uploads\/0004-2-768x549.jpg 768w, http:\/\/www.vs-ludmannsdorf-bilcovs.at\/wp-content\/uploads\/0004-2-1536x1097.jpg 1536w, http:\/\/www.vs-ludmannsdorf-bilcovs.at\/wp-content\/uploads\/0004-2-2048x1463.jpg 2048w, http:\/\/www.vs-ludmannsdorf-bilcovs.at\/wp-content\/uploads\/0004-2-696x497.jpg 696w, http:\/\/www.vs-ludmannsdorf-bilcovs.at\/wp-content\/uploads\/0004-2-1068x763.jpg 1068w, http:\/\/www.vs-ludmannsdorf-bilcovs.at\/wp-content\/uploads\/0004-2-1920x1371.jpg 1920w, http:\/\/www.vs-ludmannsdorf-bilcovs.at\/wp-content\/uploads\/0004-2-588x420.jpg 588w, http:\/\/www.vs-ludmannsdorf-bilcovs.at\/wp-content\/uploads\/0004-2-100x70.jpg 100w\" sizes=\"auto, (max-width: 1024px) 100vw, 1024px\" \/><\/a><figcaption>Lehrerteam &#8211; 2021\/22 | U\u010diteljski zbor &#8211; 2021\/22<\/figcaption><\/figure>\n","protected":false},"excerpt":{"rendered":"<p>Marina Kreutz-Mandl (in Karenz | v karenci) Janko Kristof (Religionslehrer | Verou\u010ditelj) Alexandra Malle (KL 2. Klasse | RU 2. razred) Sara M\u00fcller (KL 1. Klasse | RU 1. razred) Bernhard Olip (KL 4. Klasse | RU 4. razred) Danijel Olip (Religionslehrer | Verou\u010ditelj) Sonja Gasser (Schulische Tagesbetreuung | Popoldansko bivanje) Jasmina Ogris (Schulische Tagesbetreuung [&hellip;]<\/p>\n","protected":false},"author":1,"featured_media":0,"parent":0,"menu_order":0,"comment_status":"closed","ping_status":"closed","template":"","meta":{"ngg_post_thumbnail":0,"footnotes":""},"class_list":["post-13611","page","type-page","status-publish"],"_links":{"self":[{"href":"http:\/\/www.vs-ludmannsdorf-bilcovs.at\/index.php?rest_route=\/wp\/v2\/pages\/13611","targetHints":{"allow":["GET"]}}],"collection":[{"href":"http:\/\/www.vs-ludmannsdorf-bilcovs.at\/index.php?rest_route=\/wp\/v2\/pages"}],"about":[{"href":"http:\/\/www.vs-ludmannsdorf-bilcovs.at\/index.php?rest_route=\/wp\/v2\/types\/page"}],"author":[{"embeddable":true,"href":"http:\/\/www.vs-ludmannsdorf-bilcovs.at\/index.php?rest_route=\/wp\/v2\/users\/1"}],"replies":[{"embeddable":true,"href":"http:\/\/www.vs-ludmannsdorf-bilcovs.at\/index.php?rest_route=%2Fwp%2Fv2%2Fcomments&post=13611"}],"version-history":[{"count":9,"href":"http:\/\/www.vs-ludmannsdorf-bilcovs.at\/index.php?rest_route=\/wp\/v2\/pages\/13611\/revisions"}],"predecessor-version":[{"id":25692,"href":"http:\/\/www.vs-ludmannsdorf-bilcovs.at\/index.php?rest_route=\/wp\/v2\/pages\/13611\/revisions\/25692"}],"wp:attachment":[{"href":"http:\/\/www.vs-ludmannsdorf-bilcovs.at\/index.php?rest_route=%2Fwp%2Fv2%2Fmedia&parent=13611"}],"curies":[{"name":"wp","href":"https:\/\/api.w.org\/{rel}","templated":true}]}}